{"id":17862,"date":"2025-01-14T14:05:09","date_gmt":"2025-01-14T06:05:09","guid":{"rendered":"https:\/\/www.tarotica.ai\/?page_id=17862"},"modified":"2025-01-14T14:14:53","modified_gmt":"2025-01-14T06:14:53","slug":"terms","status":"publish","type":"page","link":"https:\/\/www.tarotica.ai\/pt\/terms\/","title":{"rendered":"Termos"},"content":{"rendered":"<div data-elementor-type=\"wp-page\" data-elementor-id=\"17862\" class=\"elementor elementor-17862\">\n\t\t\t\t\t\t<section class=\"elementor-section elementor-top-section elementor-element elementor-element-d5111c9 elementor-section-boxed elementor-section-height-default elementor-section-height-default\" data-id=\"d5111c9\" data-element_type=\"section\">\n\t\t\t\t\t\t<div class=\"elementor-container elementor-column-gap-default\">\n\t\t\t\t\t<div class=\"elementor-column elementor-col-100 elementor-top-column elementor-element elementor-element-9c32bfa\" data-id=\"9c32bfa\" data-element_type=\"column\">\n\t\t\t<div class=\"elementor-widget-wrap elementor-element-populated\">\n\t\t\t\t\t\t<div class=\"elementor-element elementor-element-1c88a84 elementor-widget elementor-widget-heading\" data-id=\"1c88a84\" data-element_type=\"widget\" data-widget_type=\"heading.default\">\n\t\t\t\t<div class=\"elementor-widget-container\">\n\t\t\t<h2 class=\"elementor-heading-title elementor-size-default\">Termos e Condi\u00e7\u00f5es da Tarotica<\/h2>\t\t<\/div>\n\t\t\t\t<\/div>\n\t\t\t\t\t<\/div>\n\t\t<\/div>\n\t\t\t\t\t<\/div>\n\t\t<\/section>\n\t\t\t\t<section class=\"elementor-section elementor-top-section elementor-element elementor-element-2d8bf95 elementor-section-boxed elementor-section-height-default elementor-section-height-default\" data-id=\"2d8bf95\" data-element_type=\"section\">\n\t\t\t\t\t\t<div class=\"elementor-container elementor-column-gap-default\">\n\t\t\t\t\t<div class=\"elementor-column elementor-col-100 elementor-top-column elementor-element elementor-element-a458ffc\" data-id=\"a458ffc\" data-element_type=\"column\">\n\t\t\t<div class=\"elementor-widget-wrap elementor-element-populated\">\n\t\t\t\t\t\t<div class=\"elementor-element elementor-element-ed0787d elementor-widget elementor-widget-text-editor\" data-id=\"ed0787d\" data-element_type=\"widget\" data-widget_type=\"text-editor.default\">\n\t\t\t\t<div class=\"elementor-widget-container\">\n\t\t\t\t\t\t\t<p><strong>Introdu\u00e7\u00e3o<\/strong><\/p><p>Bem-vindo \u00e0 Tarotica. Este aplicativo pertence e \u00e9 operado pela Bart Solutions Limited. Ao visitar nosso aplicativo e acessar as informa\u00e7\u00f5es, recursos, servi\u00e7os, produtos e ferramentas que fornecemos, voc\u00ea entende e concorda em aceitar e aderir aos seguintes termos e condi\u00e7\u00f5es, conforme estabelecido nesta pol\u00edtica (doravante denominado &quot;Contrato do Usu\u00e1rio&quot;). Este contrato est\u00e1 em vigor desde 7 de fevereiro de 2018. Reservamo-nos o direito de alterar este Contrato do Usu\u00e1rio periodicamente, sem aviso pr\u00e9vio. Voc\u00ea reconhece e concorda que \u00e9 sua responsabilidade revisar este Contrato do Usu\u00e1rio periodicamente para se familiarizar com quaisquer modifica\u00e7\u00f5es. O uso cont\u00ednuo deste site ap\u00f3s tais modifica\u00e7\u00f5es constituir\u00e1 reconhecimento e concord\u00e2ncia com os termos e condi\u00e7\u00f5es modificados.<\/p><p><strong>Uso e conduta respons\u00e1veis<\/strong><\/p><p>Ao visitar nosso aplicativo e acessar as informa\u00e7\u00f5es, recursos, servi\u00e7os, produtos e ferramentas que fornecemos a voc\u00ea, direta ou indiretamente (doravante denominados &#039;Recursos&#039;), voc\u00ea concorda em usar esses Recursos apenas para os fins pretendidos e permitidos por<\/p><p>(a) os termos deste Contrato de Usu\u00e1rio e<\/p><p>(b) leis, regulamentos e pr\u00e1ticas ou diretrizes online geralmente aceitas. Neste contexto, voc\u00ea concorda que: a. Para acessar nossos Recursos, voc\u00ea poder\u00e1 ser solicitado a fornecer determinadas informa\u00e7\u00f5es sobre si mesmo (como identifica\u00e7\u00e3o, dados de contato, etc.) como parte do processo de cadastro ou como parte da sua capacidade de usar os Recursos. Voc\u00ea concorda que todas as informa\u00e7\u00f5es fornecidas ser\u00e3o sempre precisas, corretas e atualizadas.<\/p><p>b. Voc\u00ea \u00e9 respons\u00e1vel por manter a confidencialidade de quaisquer informa\u00e7\u00f5es de login associadas a qualquer conta que voc\u00ea utilize para acessar nossos Recursos. Consequentemente, voc\u00ea \u00e9 respons\u00e1vel por todas as atividades que ocorram em sua(s) conta(s).<\/p><p>c. \u00c9 estritamente proibido acessar (ou tentar acessar) quaisquer dos nossos Recursos por qualquer meio que n\u00e3o seja aquele que fornecemos. Voc\u00ea concorda expressamente em n\u00e3o acessar (ou tentar acessar) quaisquer dos nossos Recursos por meios automatizados, anti\u00e9ticos ou n\u00e3o convencionais.<\/p><p>d. \u00c9 estritamente proibido participar de qualquer atividade que interrompa ou interfira em nossos Recursos, incluindo os servidores e\/ou redes aos quais nossos Recursos est\u00e3o localizados ou conectados.<\/p><p>e. Tentar copiar, duplicar, reproduzir, vender, negociar ou revender nossos Recursos \u00e9 estritamente proibido.<\/p><p>f. Voc\u00ea \u00e9 o \u00fanico respons\u00e1vel por quaisquer consequ\u00eancias, perdas ou danos que possamos incorrer ou sofrer direta ou indiretamente devido a quaisquer atividades n\u00e3o autorizadas conduzidas por voc\u00ea, conforme explicado acima, e pode incorrer em responsabilidade criminal ou civil.<\/p><p>g. Podemos fornecer v\u00e1rias ferramentas de comunica\u00e7\u00e3o aberta em nosso aplicativo, como coment\u00e1rios de blog, postagens de blog, bate-papo p\u00fablico, f\u00f3runs, quadros de mensagens, grupos de not\u00edcias, avalia\u00e7\u00f5es e classifica\u00e7\u00f5es de produtos, v\u00e1rios servi\u00e7os de m\u00eddia social, etc.<\/p><p>Voc\u00ea entende que, geralmente, n\u00e3o fazemos uma triagem pr\u00e9via nem monitoramos o conte\u00fado postado pelos usu\u00e1rios dessas diversas ferramentas de comunica\u00e7\u00e3o, o que significa que, se voc\u00ea optar por usar essas ferramentas para enviar qualquer tipo de conte\u00fado ao nosso aplicativo, \u00e9 sua responsabilidade pessoal us\u00e1-las de maneira respons\u00e1vel e \u00e9tica.<\/p><p>Ao publicar informa\u00e7\u00f5es ou usar quaisquer ferramentas de comunica\u00e7\u00e3o aberta, conforme mencionado, voc\u00ea concorda em n\u00e3o enviar, publicar, compartilhar ou distribuir qualquer conte\u00fado que:<\/p><p>i. Seja ilegal, amea\u00e7ador, difamat\u00f3rio, abusivo, assediante, degradante, intimidador, fraudulento, enganoso, invasivo, racista ou contenha qualquer tipo de linguagem sugestiva, inapropriada ou expl\u00edcita;<\/p><p>ii. Infrinja qualquer marca registrada, patente, segredo comercial, direitos autorais ou outro direito de propriedade de qualquer parte;<br \/>iii. Cont\u00e9m qualquer tipo de publicidade n\u00e3o autorizada ou n\u00e3o solicitada;<br \/>iv. Personificar qualquer pessoa ou entidade, incluindo qualquer <a href=\"http:\/\/www.tarotica.ai\/pt\/\" target=\"_blank\" rel=\"nofollow noopener\">www.tarotica.ai <\/a>funcion\u00e1rios ou representantes.<\/p><div class=\"my-2\">\u00a0<\/div><p>Temos o direito, a nosso exclusivo crit\u00e9rio, de remover qualquer conte\u00fado que, a nosso crit\u00e9rio, n\u00e3o esteja em conformidade com este Contrato do Usu\u00e1rio, bem como qualquer conte\u00fado que consideremos ofensivo, prejudicial, question\u00e1vel, impreciso ou que viole direitos autorais ou marcas registradas de terceiros. N\u00e3o nos responsabilizamos por qualquer atraso ou falha na remo\u00e7\u00e3o de tal conte\u00fado. Se voc\u00ea publicar conte\u00fado que decidirmos remover, voc\u00ea concorda com tal remo\u00e7\u00e3o e renuncia a qualquer reclama\u00e7\u00e3o contra n\u00f3s.<\/p><p>h. N\u00e3o assumimos qualquer responsabilidade por qualquer conte\u00fado publicado por voc\u00ea ou por quaisquer outros usu\u00e1rios terceiros do nosso aplicativo. No entanto, qualquer conte\u00fado publicado por voc\u00ea usando quaisquer ferramentas de comunica\u00e7\u00e3o aberta em nosso aplicativo, desde que n\u00e3o viole ou infrinja quaisquer direitos autorais ou marcas registradas de terceiros, torna-se propriedade da Bart Solutions Limited e, como tal, nos concede uma licen\u00e7a perp\u00e9tua, irrevog\u00e1vel, mundial, isenta de royalties e exclusiva para reproduzir, modificar, adaptar, traduzir, publicar, exibir publicamente e\/ou distribuir conforme acharmos adequado. Isso se refere e se aplica apenas ao conte\u00fado publicado por meio de ferramentas de comunica\u00e7\u00e3o aberta, conforme descrito, e n\u00e3o se refere \u00e0s informa\u00e7\u00f5es fornecidas como parte do processo de registro, necess\u00e1rias para usar nossos Recursos.<\/p><p>i. Voc\u00ea concorda em indenizar e isentar de responsabilidade a Bart Solutions Limited e sua controladora e afiliadas, bem como seus diretores, executivos, gerentes, funcion\u00e1rios, doadores, agentes e licenciadores, de todas as perdas, despesas, danos e custos, incluindo honor\u00e1rios advocat\u00edcios razo\u00e1veis, resultantes de qualquer viola\u00e7\u00e3o deste Contrato do Usu\u00e1rio ou do descumprimento de quaisquer obriga\u00e7\u00f5es relacionadas \u00e0 sua conta incorridas por voc\u00ea ou qualquer outra pessoa que utilize sua conta. Reservamo-nos o direito de assumir a defesa exclusiva de qualquer reclama\u00e7\u00e3o pela qual tenhamos direito a indeniza\u00e7\u00e3o nos termos deste Contrato do Usu\u00e1rio. Nesse caso, voc\u00ea dever\u00e1 nos fornecer a coopera\u00e7\u00e3o que for razoavelmente solicitada por n\u00f3s.<\/p><p><strong>Limita\u00e7\u00e3o de Garantias<\/strong><\/p><p>Ao utilizar nosso aplicativo, voc\u00ea entende e concorda que todos os Recursos que fornecemos s\u00e3o &quot;como est\u00e3o&quot; e &quot;conforme dispon\u00edveis&quot;. Isso significa que n\u00e3o declaramos nem garantimos a voc\u00ea que:<br \/>i) o uso de nossos Recursos atender\u00e1 \u00e0s suas necessidades ou exig\u00eancias.<br \/>ii) o uso de nossos Recursos ser\u00e1 ininterrupto, oportuno, seguro ou livre de erros.<br \/>iii) as informa\u00e7\u00f5es obtidas atrav\u00e9s da utiliza\u00e7\u00e3o dos nossos Recursos ser\u00e3o precisas ou confi\u00e1veis, e<br \/>iv) quaisquer defeitos na opera\u00e7\u00e3o ou funcionalidade de quaisquer Recursos que fornecemos ser\u00e3o reparados ou corrigidos.<\/p><div class=\"my-2\">\u00a0<\/div><p>Al\u00e9m disso, voc\u00ea entende e concorda que: v) qualquer conte\u00fado baixado ou obtido de outra forma por meio do uso de nossos Recursos \u00e9 feito por sua conta e risco, e que voc\u00ea \u00e9 o \u00fanico respons\u00e1vel por qualquer dano ao seu computador ou outros dispositivos por qualquer perda de dados que possa resultar do download de tal conte\u00fado.<br \/>vi) nenhuma informa\u00e7\u00e3o ou conselho, seja expresso, impl\u00edcito, oral ou escrito, obtido por voc\u00ea da Bart Solutions Limited ou por meio de quaisquer Recursos que fornecemos criar\u00e1 qualquer garantia ou condi\u00e7\u00e3o de qualquer tipo, exceto aquelas expressamente descritas neste Contrato do Usu\u00e1rio.<\/p><p><strong>Limita\u00e7\u00e3o de responsabilidade<\/strong><\/p><p>Em conjunto com a Limita\u00e7\u00e3o de Garantias, conforme explicado acima, voc\u00ea expressamente entende e concorda que qualquer reclama\u00e7\u00e3o contra n\u00f3s ser\u00e1 limitada ao valor que voc\u00ea pagou, se houver, pelo uso dos produtos e\/ou servi\u00e7os. A Bart Solutions Limited n\u00e3o ser\u00e1 respons\u00e1vel por quaisquer perdas ou danos diretos, indiretos, incidentais, consequenciais ou exemplares que voc\u00ea possa sofrer como resultado do uso de nossos Recursos, ou como resultado de quaisquer altera\u00e7\u00f5es, perda ou corrup\u00e7\u00e3o de dados, cancelamento, perda de acesso ou tempo de inatividade, na medida em que as leis de limita\u00e7\u00e3o de responsabilidade aplic\u00e1veis se apliquem.<\/p><p><strong>Direitos autorais\/marcas registradas<\/strong><\/p><p>Todo o conte\u00fado e materiais dispon\u00edveis em <a href=\"http:\/\/www.tarotica.ai\/pt\/\" target=\"_blank\" rel=\"nofollow noopener\">www.tarotica.ai <\/a>, incluindo, entre outros, texto, gr\u00e1ficos, nome do aplicativo, c\u00f3digo, imagens e logotipos, s\u00e3o propriedade intelectual da Bart Solutions Limited e s\u00e3o protegidos pelas leis de direitos autorais e marcas registradas aplic\u00e1veis. Qualquer uso indevido, incluindo, entre outros, a reprodu\u00e7\u00e3o, distribui\u00e7\u00e3o, exibi\u00e7\u00e3o ou transmiss\u00e3o de qualquer conte\u00fado deste site \u00e9 estritamente proibido, a menos que especificamente autorizado pela Bart Solutions Limited.<\/p><p><strong>T\u00e9rmino de Uso<\/strong><\/p><p>Voc\u00ea concorda que podemos, a nosso exclusivo crit\u00e9rio, suspender ou encerrar seu acesso a todo ou parte de nosso aplicativo e Recursos, com ou sem aviso pr\u00e9vio e por qualquer motivo, incluindo, sem limita\u00e7\u00e3o, a viola\u00e7\u00e3o deste Contrato de Usu\u00e1rio. Qualquer suspeita de atividade ilegal, fraudulenta ou abusiva poder\u00e1 ser motivo para o encerramento do seu relacionamento e poder\u00e1 ser encaminhada \u00e0s autoridades policiais competentes. Em caso de suspens\u00e3o ou encerramento, seu direito de usar os Recursos que fornecemos cessar\u00e1 imediatamente, e nos reservamos o direito de remover ou excluir qualquer informa\u00e7\u00e3o que voc\u00ea possa ter em nossos arquivos, incluindo quaisquer informa\u00e7\u00f5es de conta ou login.<\/p><p><strong>Lei aplic\u00e1vel<\/strong><\/p><p>Este aplicativo \u00e9 controlado pela Bart Solutions Limited. Ele pode ser acessado pela maioria dos pa\u00edses do mundo. Ao acessar nosso aplicativo, voc\u00ea concorda que os estatutos e leis do nosso estado, sem levar em conta o conflito de leis e a Conven\u00e7\u00e3o das Na\u00e7\u00f5es Unidas sobre a Venda Internacional de Mercadorias, ser\u00e3o aplic\u00e1veis a todos os assuntos relacionados ao uso deste aplicativo e \u00e0 compra de quaisquer produtos ou servi\u00e7os atrav\u00e9s deste site. Al\u00e9m disso, qualquer a\u00e7\u00e3o para fazer cumprir este Contrato do Usu\u00e1rio dever\u00e1 ser movida em tribunais federais ou estaduais. Voc\u00ea concorda com a jurisdi\u00e7\u00e3o pessoal de tais tribunais e renuncia a quaisquer obje\u00e7\u00f5es de jurisdi\u00e7\u00e3o, foro ou foro inconveniente a tais tribunais.<\/p><p><strong>Garantia<\/strong><\/p><p>SALVO DISPOSI\u00c7\u00c3O EM CONTR\u00c1RIO, A Bart Solutions Limited EXPRESSAMENTE SE ISENTA DE TODAS AS GARANTIAS E CONDI\u00c7\u00d5ES DE QUALQUER TIPO, EXPRESSAS OU IMPL\u00cdCITAS, INCLUINDO, MAS N\u00c3O SE LIMITANDO \u00c0S GARANTIAS E CONDI\u00c7\u00d5ES IMPL\u00cdCITAS DE COMERCIALIZA\u00c7\u00c3O, ADEQUA\u00c7\u00c3O A UM PROP\u00d3SITO ESPEC\u00cdFICO E N\u00c3O VIOLA\u00c7\u00c3O.<\/p><p><strong>Informa\u00e7\u00f5es de contato<\/strong><\/p><p>Se voc\u00ea tiver alguma d\u00favida ou coment\u00e1rio sobre estes nossos Termos de Servi\u00e7o, conforme descrito acima, entre em contato conosco em: info@tarotica.ai Bart Solutions Limited<\/p>\t\t\t\t\t\t<\/div>\n\t\t\t\t<\/div>\n\t\t\t\t\t<\/div>\n\t\t<\/div>\n\t\t\t\t\t<\/div>\n\t\t<\/section>\n\t\t\t\t<\/div>","protected":false},"excerpt":{"rendered":"<p>Termos e Condi\u00e7\u00f5es da Tarotica Introdu\u00e7\u00e3o Bem-vindo \u00e0 Tarotica. Este aplicativo pertence e \u00e9 operado pela Bart Solutions Limited. Ao visitar nosso aplicativo e acessar as informa\u00e7\u00f5es, recursos, servi\u00e7os, produtos e ferramentas que fornecemos, voc\u00ea entende e concorda em aceitar e aderir aos seguintes termos e condi\u00e7\u00f5es, conforme estabelecido nesta pol\u00edtica (doravante denominados [\u2026]<\/p>","protected":false},"author":1,"featured_media":0,"parent":0,"menu_order":0,"comment_status":"closed","ping_status":"closed","template":"","meta":{"_acf_changed":false,"om_disable_all_campaigns":false,"_monsterinsights_skip_tracking":false,"_monsterinsights_sitenote_active":false,"_monsterinsights_sitenote_note":"","_monsterinsights_sitenote_category":0,"_uf_show_specific_survey":0,"_uf_disable_surveys":false,"footnotes":""},"class_list":["post-17862","page","type-page","status-publish","hentry"],"acf":[],"aioseo_notices":[],"_links":{"self":[{"href":"https:\/\/www.tarotica.ai\/pt\/wp-json\/wp\/v2\/pages\/17862","targetHints":{"allow":["GET"]}}],"collection":[{"href":"https:\/\/www.tarotica.ai\/pt\/wp-json\/wp\/v2\/pages"}],"about":[{"href":"https:\/\/www.tarotica.ai\/pt\/wp-json\/wp\/v2\/types\/page"}],"author":[{"embeddable":true,"href":"https:\/\/www.tarotica.ai\/pt\/wp-json\/wp\/v2\/users\/1"}],"replies":[{"embeddable":true,"href":"https:\/\/www.tarotica.ai\/pt\/wp-json\/wp\/v2\/comments?post=17862"}],"version-history":[{"count":7,"href":"https:\/\/www.tarotica.ai\/pt\/wp-json\/wp\/v2\/pages\/17862\/revisions"}],"predecessor-version":[{"id":17870,"href":"https:\/\/www.tarotica.ai\/pt\/wp-json\/wp\/v2\/pages\/17862\/revisions\/17870"}],"wp:attachment":[{"href":"https:\/\/www.tarotica.ai\/pt\/wp-json\/wp\/v2\/media?parent=17862"}],"curies":[{"name":"wp","href":"https:\/\/api.w.org\/{rel}","templated":true}]}}