{"id":17862,"date":"2025-01-14T14:05:09","date_gmt":"2025-01-14T06:05:09","guid":{"rendered":"https:\/\/www.tarotica.ai\/?page_id=17862"},"modified":"2025-01-14T14:14:53","modified_gmt":"2025-01-14T06:14:53","slug":"terms","status":"publish","type":"page","link":"https:\/\/www.tarotica.ai\/it\/terms\/","title":{"rendered":"Termini"},"content":{"rendered":"<div data-elementor-type=\"wp-page\" data-elementor-id=\"17862\" class=\"elementor elementor-17862\">\n\t\t\t\t\t\t<section class=\"elementor-section elementor-top-section elementor-element elementor-element-d5111c9 elementor-section-boxed elementor-section-height-default elementor-section-height-default\" data-id=\"d5111c9\" data-element_type=\"section\">\n\t\t\t\t\t\t<div class=\"elementor-container elementor-column-gap-default\">\n\t\t\t\t\t<div class=\"elementor-column elementor-col-100 elementor-top-column elementor-element elementor-element-9c32bfa\" data-id=\"9c32bfa\" data-element_type=\"column\">\n\t\t\t<div class=\"elementor-widget-wrap elementor-element-populated\">\n\t\t\t\t\t\t<div class=\"elementor-element elementor-element-1c88a84 elementor-widget elementor-widget-heading\" data-id=\"1c88a84\" data-element_type=\"widget\" data-widget_type=\"heading.default\">\n\t\t\t\t<div class=\"elementor-widget-container\">\n\t\t\t<h2 class=\"elementor-heading-title elementor-size-default\">Termini e condizioni di Tarotica<\/h2>\t\t<\/div>\n\t\t\t\t<\/div>\n\t\t\t\t\t<\/div>\n\t\t<\/div>\n\t\t\t\t\t<\/div>\n\t\t<\/section>\n\t\t\t\t<section class=\"elementor-section elementor-top-section elementor-element elementor-element-2d8bf95 elementor-section-boxed elementor-section-height-default elementor-section-height-default\" data-id=\"2d8bf95\" data-element_type=\"section\">\n\t\t\t\t\t\t<div class=\"elementor-container elementor-column-gap-default\">\n\t\t\t\t\t<div class=\"elementor-column elementor-col-100 elementor-top-column elementor-element elementor-element-a458ffc\" data-id=\"a458ffc\" data-element_type=\"column\">\n\t\t\t<div class=\"elementor-widget-wrap elementor-element-populated\">\n\t\t\t\t\t\t<div class=\"elementor-element elementor-element-ed0787d elementor-widget elementor-widget-text-editor\" data-id=\"ed0787d\" data-element_type=\"widget\" data-widget_type=\"text-editor.default\">\n\t\t\t\t<div class=\"elementor-widget-container\">\n\t\t\t\t\t\t\t<p><strong>Introduzione<\/strong><\/p><p>Benvenuti su Tarotica. Questa app \u00e8 di propriet\u00e0 e gestita da Bart Solutions Limited. Visitando la nostra app e accedendo alle informazioni, alle risorse, ai servizi, ai prodotti e agli strumenti che forniamo, l&#039;utente comprende e accetta di accettare e rispettare i seguenti termini e condizioni, come stabilito nella presente informativa (di seguito denominati &quot;Contratto d&#039;uso&quot;). Il presente contratto \u00e8 in vigore dal 7 febbraio 2018. Ci riserviamo il diritto di modificare il presente Contratto d&#039;uso di volta in volta senza preavviso. L&#039;utente riconosce e accetta che \u00e8 sua responsabilit\u00e0 rivedere periodicamente il presente Contratto d&#039;uso per familiarizzare con eventuali modifiche. L&#039;utilizzo continuato di questo sito dopo tali modifiche costituir\u00e0 accettazione e accettazione dei termini e delle condizioni modificati.<\/p><p><strong>Uso e condotta responsabili<\/strong><\/p><p>Visitando la nostra app e accedendo alle informazioni, risorse, servizi, prodotti e strumenti che forniamo per te, direttamente o indirettamente (di seguito denominati &quot;Risorse&quot;), accetti di utilizzare queste Risorse solo per gli scopi previsti e consentiti da<\/p><p>(a) i termini del presente Contratto d&#039;uso, e<\/p><p>(b) leggi, regolamenti e pratiche o linee guida online generalmente accettate applicabili. Pertanto, l&#039;utente riconosce che: a. Per accedere alle nostre Risorse, potrebbe essere richiesto di fornire determinate informazioni personali (come dati identificativi, recapiti, ecc.) come parte del processo di registrazione o come parte della possibilit\u00e0 di utilizzare le Risorse. L&#039;utente accetta che tutte le informazioni fornite saranno sempre accurate, corrette e aggiornate.<\/p><p>b. Sei responsabile del mantenimento della riservatezza di tutte le informazioni di accesso associate a qualsiasi account che utilizzi per accedere alle nostre Risorse. Di conseguenza, sei responsabile di tutte le attivit\u00e0 che si svolgono tramite il\/i tuo\/i account.<\/p><p>c. L&#039;accesso (o il tentativo di accesso) a qualsiasi delle nostre Risorse con mezzi diversi da quelli da noi forniti \u00e8 severamente vietato. L&#039;utente accetta espressamente di non accedere (o tentare di accedere) a qualsiasi delle nostre Risorse tramite mezzi automatizzati, non etici o non convenzionali.<\/p><p>d. \u00c8 severamente vietato intraprendere qualsiasi attivit\u00e0 che interrompa o interferisca con le nostre Risorse, compresi i server e\/o le reti a cui le nostre Risorse sono ubicate o connesse.<\/p><p>e. \u00c8 severamente vietato tentare di copiare, duplicare, riprodurre, vendere, scambiare o rivendere le nostre Risorse.<\/p><p>f. Sei l&#039;unico responsabile di qualsiasi conseguenza, perdita o danno che potremmo subire direttamente o indirettamente a causa di attivit\u00e0 non autorizzate da te svolte, come spiegato sopra, e potresti incorrere in responsabilit\u00e0 penale o civile.<\/p><p>g. Potremmo fornire vari strumenti di comunicazione aperti sulla nostra app, come commenti sul blog, post sul blog, chat pubbliche, forum, bacheche, newsgroup, valutazioni e recensioni di prodotti, vari servizi di social media, ecc.<\/p><p>L&#039;utente \u00e8 consapevole che in genere non eseguiamo controlli preventivi n\u00e9 monitoriamo i contenuti pubblicati dagli utenti di questi vari strumenti di comunicazione, il che significa che se sceglie di utilizzare questi strumenti per inviare qualsiasi tipo di contenuto alla nostra app, \u00e8 sua responsabilit\u00e0 personale utilizzare questi strumenti in modo responsabile ed etico.<\/p><p>Pubblicando informazioni o utilizzando in altro modo strumenti di comunicazione aperti come menzionato, accetti di non caricare, pubblicare, condividere o altrimenti distribuire alcun contenuto che:<\/p><p>i. \u00c8 illegale, minaccioso, diffamatorio, offensivo, molesto, degradante, intimidatorio, fraudolento, ingannevole, invasivo, razzista o contiene qualsiasi tipo di linguaggio suggestivo, inappropriato o esplicito;<\/p><p>ii. Viola qualsiasi marchio, brevetto, segreto commerciale, diritto d&#039;autore o altro diritto proprietario di qualsiasi parte;<br \/>iii. Contiene qualsiasi tipo di pubblicit\u00e0 non autorizzata o non richiesta;<br \/>iv. Impersona qualsiasi persona o entit\u00e0, incluso qualsiasi <a href=\"http:\/\/www.tarotica.ai\/it\/\" target=\"_blank\" rel=\"nofollow noopener\">www.tarotica.ai <\/a>dipendenti o rappresentanti.<\/p><div class=\"my-2\">\u00a0<\/div><p>Abbiamo il diritto, a nostra esclusiva discrezione, di rimuovere qualsiasi contenuto che, a nostro giudizio, non sia conforme al presente Contratto d&#039;Uso, nonch\u00e9 qualsiasi contenuto che riteniamo offensivo, dannoso, discutibile, inaccurato o che violi diritti d&#039;autore o marchi di terze parti. Non siamo responsabili per eventuali ritardi o mancate rimozioni di tali contenuti. Se pubblichi contenuti che decidiamo di rimuovere, acconsenti a tale rimozione e rinunci a qualsiasi pretesa nei nostri confronti.<\/p><p>h. Non ci assumiamo alcuna responsabilit\u00e0 per i contenuti pubblicati da te o da altri utenti terzi della nostra app. Tuttavia, qualsiasi contenuto pubblicato da te utilizzando strumenti di comunicazione aperti sulla nostra app, a condizione che non violi o infranga alcun copyright o marchio commerciale di terze parti, diventa propriet\u00e0 di Bart Solutions Limited e, come tale, ci conferisce una licenza perpetua, irrevocabile, mondiale, esente da royalty ed esclusiva per riprodurre, modificare, adattare, tradurre, pubblicare, mostrare pubblicamente e\/o distribuire come riteniamo opportuno. Ci\u00f2 si riferisce e si applica solo ai contenuti pubblicati tramite strumenti di comunicazione aperti come descritto e non si riferisce alle informazioni fornite come parte del processo di registrazione, necessarie per utilizzare le nostre Risorse.<\/p><p>i. L&#039;utente accetta di indennizzare e tenere indenne Bart Solutions Limited e la sua societ\u00e0 madre e affiliate, nonch\u00e9 i loro amministratori, funzionari, dirigenti, dipendenti, donatori, agenti e licenziatari, da e contro tutte le perdite, spese, danni e costi, incluse le ragionevoli spese legali, derivanti da qualsiasi violazione del presente Contratto d&#039;uso o dal mancato adempimento di qualsiasi obbligo relativo al proprio account da parte dell&#039;utente o di qualsiasi altra persona che utilizzi il suo account. Ci riserviamo il diritto di assumere la difesa esclusiva di qualsiasi reclamo per il quale abbiamo diritto a un indennizzo ai sensi del presente Contratto d&#039;uso. In tal caso, l&#039;utente \u00e8 tenuto a fornirci la collaborazione ragionevolmente richiesta.<\/p><p><strong>Limitazione delle garanzie<\/strong><\/p><p>Utilizzando la nostra app, comprendi e accetti che tutte le Risorse che forniamo sono &quot;cos\u00ec come sono&quot; e &quot;come disponibili&quot;. Ci\u00f2 significa che non dichiariamo n\u00e9 garantiamo che:<br \/>i) l&#039;utilizzo delle nostre Risorse soddisfer\u00e0 le vostre esigenze o richieste.<br \/>ii) l&#039;utilizzo delle nostre Risorse sar\u00e0 ininterrotto, tempestivo, sicuro o privo di errori.<br \/>iii) le informazioni ottenute utilizzando le nostre Risorse saranno accurate o affidabili, e<br \/>iv) eventuali difetti nel funzionamento o nella funzionalit\u00e0 di qualsiasi Risorsa da noi fornita saranno riparati o corretti.<\/p><div class=\"my-2\">\u00a0<\/div><p>Inoltre, l&#039;utente comprende e accetta che: v) qualsiasi contenuto scaricato o altrimenti ottenuto tramite l&#039;uso delle nostre Risorse viene effettuato a propria discrezione e rischio e che l&#039;utente \u00e8 l&#039;unico responsabile per eventuali danni al proprio computer o ad altri dispositivi o per qualsiasi perdita di dati che possa derivare dal download di tale contenuto.<br \/>vi) nessuna informazione o consiglio, espresso, implicito, orale o scritto, ottenuto da Bart Solutions Limited o tramite qualsiasi Risorsa da noi fornita creer\u00e0 alcuna garanzia, assicurazione o condizione di alcun tipo, ad eccezione di quelli espressamente delineati nel presente Contratto d&#039;uso.<\/p><p><strong>Limitazione di responsabilit\u00e0<\/strong><\/p><p>In relazione alla Limitazione delle Garanzie come sopra descritta, l&#039;utente riconosce e accetta espressamente che qualsiasi reclamo nei nostri confronti sar\u00e0 limitato all&#039;importo eventualmente pagato per l&#039;utilizzo dei prodotti e\/o servizi. Bart Solutions Limited non sar\u00e0 responsabile per eventuali perdite o danni diretti, indiretti, incidentali, consequenziali o esemplari che l&#039;utente potrebbe subire a seguito dell&#039;utilizzo delle nostre Risorse, o a seguito di eventuali modifiche, perdita o danneggiamento dei dati, cancellazione, perdita di accesso o tempi di inattivit\u00e0, nella misura massima consentita dalle leggi applicabili in materia di limitazione di responsabilit\u00e0.<\/p><p><strong>Diritti d&#039;autore\/marchi commerciali<\/strong><\/p><p>Tutti i contenuti e i materiali disponibili su <a href=\"http:\/\/www.tarotica.ai\/it\/\" target=\"_blank\" rel=\"nofollow noopener\">www.tarotica.ai <\/a>, inclusi, a titolo esemplificativo ma non esaustivo, testo, grafica, nome dell&#039;app, codice, immagini e loghi, sono propriet\u00e0 intellettuale di Bart Solutions Limited e sono protetti dalle leggi applicabili sul copyright e sui marchi. Qualsiasi uso improprio, inclusa, a titolo esemplificativo ma non esaustivo, la riproduzione, la distribuzione, la visualizzazione o la trasmissione di qualsiasi contenuto di questo sito, \u00e8 severamente vietato, salvo specifica autorizzazione di Bart Solutions Limited.<\/p><p><strong>Cessazione dell&#039;uso<\/strong><\/p><p>Accetti che possiamo, a nostra esclusiva discrezione, sospendere o interrompere il tuo accesso a tutta o parte della nostra app e delle nostre Risorse, con o senza preavviso e per qualsiasi motivo, inclusa, a titolo esemplificativo ma non esaustivo, la violazione del presente Contratto d&#039;Uso. Qualsiasi sospetta attivit\u00e0 illegale, fraudolenta o abusiva pu\u00f2 costituire motivo di risoluzione del tuo rapporto e pu\u00f2 essere segnalata alle autorit\u00e0 competenti. In caso di sospensione o risoluzione, il tuo diritto di utilizzare le Risorse che forniamo cesser\u00e0 immediatamente e ci riserviamo il diritto di rimuovere o eliminare qualsiasi informazione che potresti avere in nostro possesso, comprese le informazioni di account o di accesso.<\/p><p><strong>Legge applicabile<\/strong><\/p><p>Questa app \u00e8 controllata da Bart Solutions Limited. \u00c8 accessibile dalla maggior parte dei paesi del mondo. Accedendo alla nostra app, accetti che gli statuti e le leggi del nostro stato, senza riguardo al conflitto di leggi e alla Convenzione delle Nazioni Unite sulla vendita internazionale di merci, si applichino a tutte le questioni relative all&#039;utilizzo di questa app e all&#039;acquisto di prodotti o servizi tramite questo sito. Inoltre, qualsiasi azione per far rispettare il presente Contratto d&#039;uso dovr\u00e0 essere intentata presso i tribunali federali o statali. Con la presente accetti la giurisdizione personale di tali tribunali e rinunci a qualsiasi obiezione di giurisdizione, sede o foro inopportuno nei confronti di tali tribunali.<\/p><p><strong>Garanzia<\/strong><\/p><p>SALVO DIVERSAMENTE ESPRESSO, Bart Solutions Limited DECLINA ESPRESSAMENTE TUTTE LE GARANZIE E CONDIZIONI DI QUALSIASI TIPO, SIA ESSE ESPRESSE CHE IMPLICITE, COMPRESE, A TITOLO ESEMPLIFICATIVO MA NON ESAUSTIVO, LE GARANZIE E CONDIZIONI IMPLICITE DI COMMERCIABILIT\u00c0, IDONEIT\u00c0 PER UNO SCOPO PARTICOLARE E NON VIOLAZIONE.<\/p><p><strong>Informazioni sui contatti<\/strong><\/p><p>Se hai domande o commenti sui nostri Termini di servizio come sopra descritti, puoi contattarci a: info@tarotica.ai Bart Solutions Limited<\/p>\t\t\t\t\t\t<\/div>\n\t\t\t\t<\/div>\n\t\t\t\t\t<\/div>\n\t\t<\/div>\n\t\t\t\t\t<\/div>\n\t\t<\/section>\n\t\t\t\t<\/div>","protected":false},"excerpt":{"rendered":"<p>Termini e Condizioni di Tarotica Introduzione Benvenuti su Tarotica. Questa app \u00e8 di propriet\u00e0 e gestita da Bart Solutions Limited. Visitando la nostra app e accedendo alle informazioni, alle risorse, ai servizi, ai prodotti e agli strumenti che forniamo, l&#039;utente comprende e accetta di accettare e rispettare i seguenti termini e condizioni, come stabilito nella presente informativa (di seguito denominati [...]<\/p>","protected":false},"author":1,"featured_media":0,"parent":0,"menu_order":0,"comment_status":"closed","ping_status":"closed","template":"","meta":{"_acf_changed":false,"om_disable_all_campaigns":false,"_monsterinsights_skip_tracking":false,"_monsterinsights_sitenote_active":false,"_monsterinsights_sitenote_note":"","_monsterinsights_sitenote_category":0,"_uf_show_specific_survey":0,"_uf_disable_surveys":false,"footnotes":""},"class_list":["post-17862","page","type-page","status-publish","hentry"],"acf":[],"aioseo_notices":[],"_links":{"self":[{"href":"https:\/\/www.tarotica.ai\/it\/wp-json\/wp\/v2\/pages\/17862","targetHints":{"allow":["GET"]}}],"collection":[{"href":"https:\/\/www.tarotica.ai\/it\/wp-json\/wp\/v2\/pages"}],"about":[{"href":"https:\/\/www.tarotica.ai\/it\/wp-json\/wp\/v2\/types\/page"}],"author":[{"embeddable":true,"href":"https:\/\/www.tarotica.ai\/it\/wp-json\/wp\/v2\/users\/1"}],"replies":[{"embeddable":true,"href":"https:\/\/www.tarotica.ai\/it\/wp-json\/wp\/v2\/comments?post=17862"}],"version-history":[{"count":7,"href":"https:\/\/www.tarotica.ai\/it\/wp-json\/wp\/v2\/pages\/17862\/revisions"}],"predecessor-version":[{"id":17870,"href":"https:\/\/www.tarotica.ai\/it\/wp-json\/wp\/v2\/pages\/17862\/revisions\/17870"}],"wp:attachment":[{"href":"https:\/\/www.tarotica.ai\/it\/wp-json\/wp\/v2\/media?parent=17862"}],"curies":[{"name":"wp","href":"https:\/\/api.w.org\/{rel}","templated":true}]}}