{"id":17862,"date":"2025-01-14T14:05:09","date_gmt":"2025-01-14T06:05:09","guid":{"rendered":"https:\/\/www.tarotica.ai\/?page_id=17862"},"modified":"2025-01-14T14:14:53","modified_gmt":"2025-01-14T06:14:53","slug":"terms","status":"publish","type":"page","link":"https:\/\/www.tarotica.ai\/fr\/terms\/","title":{"rendered":"Termes"},"content":{"rendered":"<div data-elementor-type=\"wp-page\" data-elementor-id=\"17862\" class=\"elementor elementor-17862\">\n\t\t\t\t\t\t<section class=\"elementor-section elementor-top-section elementor-element elementor-element-d5111c9 elementor-section-boxed elementor-section-height-default elementor-section-height-default\" data-id=\"d5111c9\" data-element_type=\"section\">\n\t\t\t\t\t\t<div class=\"elementor-container elementor-column-gap-default\">\n\t\t\t\t\t<div class=\"elementor-column elementor-col-100 elementor-top-column elementor-element elementor-element-9c32bfa\" data-id=\"9c32bfa\" data-element_type=\"column\">\n\t\t\t<div class=\"elementor-widget-wrap elementor-element-populated\">\n\t\t\t\t\t\t<div class=\"elementor-element elementor-element-1c88a84 elementor-widget elementor-widget-heading\" data-id=\"1c88a84\" data-element_type=\"widget\" data-widget_type=\"heading.default\">\n\t\t\t\t<div class=\"elementor-widget-container\">\n\t\t\t<h2 class=\"elementor-heading-title elementor-size-default\">Conditions g\u00e9n\u00e9rales de Tarotica<\/h2>\t\t<\/div>\n\t\t\t\t<\/div>\n\t\t\t\t\t<\/div>\n\t\t<\/div>\n\t\t\t\t\t<\/div>\n\t\t<\/section>\n\t\t\t\t<section class=\"elementor-section elementor-top-section elementor-element elementor-element-2d8bf95 elementor-section-boxed elementor-section-height-default elementor-section-height-default\" data-id=\"2d8bf95\" data-element_type=\"section\">\n\t\t\t\t\t\t<div class=\"elementor-container elementor-column-gap-default\">\n\t\t\t\t\t<div class=\"elementor-column elementor-col-100 elementor-top-column elementor-element elementor-element-a458ffc\" data-id=\"a458ffc\" data-element_type=\"column\">\n\t\t\t<div class=\"elementor-widget-wrap elementor-element-populated\">\n\t\t\t\t\t\t<div class=\"elementor-element elementor-element-ed0787d elementor-widget elementor-widget-text-editor\" data-id=\"ed0787d\" data-element_type=\"widget\" data-widget_type=\"text-editor.default\">\n\t\t\t\t<div class=\"elementor-widget-container\">\n\t\t\t\t\t\t\t<p><strong>Introduction<\/strong><\/p><p>Bienvenue sur Tarotica. Cette application est d\u00e9tenue et exploit\u00e9e par Bart Solutions Limited. En visitant notre application et en acc\u00e9dant aux informations, ressources, services, produits et outils que nous proposons, vous comprenez et acceptez les conditions g\u00e9n\u00e9rales suivantes, telles que d\u00e9finies dans la pr\u00e9sente politique (ci-apr\u00e8s d\u00e9nomm\u00e9es \u00ab\u00a0Conditions d&#039;utilisation\u00a0\u00bb). Ces conditions sont en vigueur depuis le 7 f\u00e9vrier 2018. Nous nous r\u00e9servons le droit de les modifier ponctuellement sans pr\u00e9avis. Vous reconnaissez et acceptez qu&#039;il est de votre responsabilit\u00e9 de les consulter r\u00e9guli\u00e8rement afin de prendre connaissance de toute modification. Votre utilisation continue de ce site apr\u00e8s ces modifications vaut acceptation des conditions g\u00e9n\u00e9rales modifi\u00e9es.<\/p><p><strong>Utilisation et conduite responsables<\/strong><\/p><p>En visitant notre application et en acc\u00e9dant aux informations, ressources, services, produits et outils que nous vous fournissons, directement ou indirectement (ci-apr\u00e8s d\u00e9nomm\u00e9s \u00ab Ressources \u00bb), vous acceptez d&#039;utiliser ces Ressources uniquement aux fins pr\u00e9vues et autoris\u00e9es par<\/p><p>(a) les termes du pr\u00e9sent Contrat d&#039;utilisation, et<\/p><p>(b) les lois, r\u00e9glementations et pratiques ou directives en ligne g\u00e9n\u00e9ralement accept\u00e9es. Vous comprenez que\u00a0: a. Pour acc\u00e9der \u00e0 nos Ressources, vous pourrez \u00eatre amen\u00e9 \u00e0 fournir certaines informations vous concernant (telles que votre identit\u00e9, vos coordonn\u00e9es, etc.) dans le cadre de votre inscription ou de votre utilisation des Ressources. Vous vous engagez \u00e0 ce que toutes les informations que vous fournissez soient toujours exactes, correctes et \u00e0 jour.<\/p><p>b. Vous \u00eates responsable de la confidentialit\u00e9 des informations de connexion associ\u00e9es \u00e0 tout compte que vous utilisez pour acc\u00e9der \u00e0 nos ressources. Par cons\u00e9quent, vous \u00eates responsable de toutes les activit\u00e9s effectu\u00e9es sous votre\/vos compte(s).<\/p><p>c. Il est strictement interdit d&#039;acc\u00e9der (ou de tenter d&#039;acc\u00e9der) \u00e0 nos Ressources par tout autre moyen que ceux que nous fournissons. Vous vous engagez express\u00e9ment \u00e0 ne pas acc\u00e9der (ou tenter d&#039;acc\u00e9der) \u00e0 nos Ressources par des moyens automatis\u00e9s, contraires \u00e0 l&#039;\u00e9thique ou non conventionnels.<\/p><p>d. Il est strictement interdit de se livrer \u00e0 toute activit\u00e9 qui perturbe ou interf\u00e8re avec nos ressources, y compris les serveurs et\/ou les r\u00e9seaux auxquels nos ressources sont situ\u00e9es ou connect\u00e9es.<\/p><p>e. Il est strictement interdit de tenter de copier, dupliquer, reproduire, vendre, \u00e9changer ou revendre nos ressources.<\/p><p>f. Vous \u00eates seul responsable de toutes les cons\u00e9quences, pertes ou dommages que nous pourrions subir directement ou indirectement en raison d&#039;activit\u00e9s non autoris\u00e9es men\u00e9es par vous, comme expliqu\u00e9 ci-dessus, et vous pourriez encourir une responsabilit\u00e9 p\u00e9nale ou civile.<\/p><p>g. Nous pouvons fournir divers outils de communication ouverts sur notre application, tels que des commentaires de blog, des articles de blog, des discussions publiques, des forums, des babillards \u00e9lectroniques, des groupes de discussion, des \u00e9valuations et des critiques de produits, divers services de m\u00e9dias sociaux, etc.<\/p><p>Vous comprenez qu&#039;en g\u00e9n\u00e9ral, nous ne pr\u00e9s\u00e9lectionnons ni ne surveillons le contenu publi\u00e9 par les utilisateurs de ces diff\u00e9rents outils de communication, ce qui signifie que si vous choisissez d&#039;utiliser ces outils pour soumettre tout type de contenu \u00e0 notre application, il est de votre responsabilit\u00e9 personnelle d&#039;utiliser ces outils de mani\u00e8re responsable et \u00e9thique.<\/p><p>En publiant des informations ou en utilisant de toute autre mani\u00e8re les outils de communication ouverts mentionn\u00e9s, vous acceptez de ne pas t\u00e9l\u00e9charger, publier, partager ou distribuer de toute autre mani\u00e8re tout contenu qui :<\/p><p>i. Est ill\u00e9gal, mena\u00e7ant, diffamatoire, abusif, harcelant, d\u00e9gradant, intimidant, frauduleux, trompeur, invasif, raciste ou contient tout type de langage suggestif, inappropri\u00e9 ou explicite ;<\/p><p>ii. Enfreint une marque, un brevet, un secret commercial, un droit d\u2019auteur ou tout autre droit de propri\u00e9t\u00e9 d\u2019une partie ;<br \/>iii. Contient tout type de publicit\u00e9 non autoris\u00e9e ou non sollicit\u00e9e\u00a0;<br \/>iv. Se fait passer pour une personne ou une entit\u00e9, y compris toute <a href=\"http:\/\/www.tarotica.ai\/fr\/\" target=\"_blank\" rel=\"nofollow noopener\">www.tarotica.ai <\/a>employ\u00e9s ou repr\u00e9sentants.<\/p><div class=\"my-2\">\u00a0<\/div><p>Nous nous r\u00e9servons le droit, \u00e0 notre enti\u00e8re discr\u00e9tion, de supprimer tout contenu que nous jugeons non conforme aux pr\u00e9sentes Conditions d&#039;utilisation, ainsi que tout contenu que nous jugeons offensant, nuisible, r\u00e9pr\u00e9hensible, inexact ou portant atteinte aux droits d&#039;auteur ou aux marques d\u00e9pos\u00e9es de tiers. Nous d\u00e9clinons toute responsabilit\u00e9 en cas de retard ou de non-retrait de ce contenu. Si vous publiez du contenu que nous d\u00e9cidons de supprimer, vous consentez par les pr\u00e9sentes \u00e0 cette suppression et renoncez \u00e0 toute r\u00e9clamation \u00e0 notre encontre.<\/p><p>h. Nous d\u00e9clinons toute responsabilit\u00e9 quant au contenu publi\u00e9 par vous ou par tout autre utilisateur tiers de notre application. Cependant, tout contenu publi\u00e9 par vous via les outils de communication ouverts de notre application, \u00e0 condition qu&#039;il ne viole ni n&#039;enfreigne aucun droit d&#039;auteur ou marque d\u00e9pos\u00e9e de tiers, devient la propri\u00e9t\u00e9 de Bart Solutions Limited et, \u00e0 ce titre, nous conf\u00e8re une licence exclusive, perp\u00e9tuelle, irr\u00e9vocable, mondiale et libre de droits pour reproduire, modifier, adapter, traduire, publier, afficher publiquement et\/ou distribuer comme bon nous semble. Ceci ne concerne et ne s&#039;applique qu&#039;au contenu publi\u00e9 via les outils de communication ouverts tels que d\u00e9crits, et ne concerne pas les informations fournies dans le cadre de l&#039;inscription, n\u00e9cessaires \u00e0 l&#039;utilisation de nos Ressources.<\/p><p>i. Vous acceptez d&#039;indemniser et de d\u00e9gager de toute responsabilit\u00e9 Bart Solutions Limited, sa soci\u00e9t\u00e9 m\u00e8re et ses filiales, ainsi que leurs administrateurs, dirigeants, responsables, employ\u00e9s, donateurs, agents et conc\u00e9dants de licence, contre toutes pertes, d\u00e9penses, dommages et co\u00fbts, y compris les honoraires d&#039;avocat raisonnables, r\u00e9sultant de toute violation des pr\u00e9sentes Conditions d&#039;utilisation ou du manquement \u00e0 toute obligation relative \u00e0 votre compte, contract\u00e9e par vous ou toute autre personne utilisant votre compte. Nous nous r\u00e9servons le droit d&#039;assurer la d\u00e9fense exclusive de toute r\u00e9clamation donnant droit \u00e0 une indemnisation en vertu des pr\u00e9sentes Conditions d&#039;utilisation. Dans ce cas, vous devrez nous fournir toute la coop\u00e9ration raisonnablement demand\u00e9e par nous.<\/p><p><strong>Limitation des garanties<\/strong><\/p><p>En utilisant notre application, vous comprenez et acceptez que toutes les ressources que nous fournissons sont fournies \u00ab\u00a0en l&#039;\u00e9tat\u00a0\u00bb et \u00ab\u00a0selon leur disponibilit\u00e9\u00a0\u00bb. Cela signifie que nous ne vous garantissons pas que\u00a0:<br \/>i) l\u2019utilisation de nos Ressources r\u00e9pondra \u00e0 vos besoins ou exigences.<br \/>ii) l\u2019utilisation de nos Ressources sera ininterrompue, opportune, s\u00e9curis\u00e9e ou exempte d\u2019erreurs.<br \/>iii) les informations obtenues en utilisant nos ressources seront exactes ou fiables, et<br \/>iv) tout d\u00e9faut dans le fonctionnement ou la fonctionnalit\u00e9 des ressources que nous fournissons sera r\u00e9par\u00e9 ou corrig\u00e9.<\/p><div class=\"my-2\">\u00a0<\/div><p>De plus, vous comprenez et acceptez que : v) tout contenu t\u00e9l\u00e9charg\u00e9 ou autrement obtenu via l&#039;utilisation de nos Ressources est fait \u00e0 votre propre discr\u00e9tion et \u00e0 vos propres risques, et que vous \u00eates seul responsable de tout dommage caus\u00e9 \u00e0 votre ordinateur ou \u00e0 d&#039;autres appareils pour toute perte de donn\u00e9es pouvant r\u00e9sulter du t\u00e9l\u00e9chargement de ce contenu.<br \/>vi) aucune information ni aucun conseil, qu&#039;ils soient explicites, implicites, oraux ou \u00e9crits, obtenus par vous aupr\u00e8s de Bart Solutions Limited ou par le biais de toute ressource que nous fournissons ne cr\u00e9era aucune garantie, garantie ou condition de quelque nature que ce soit, \u00e0 l&#039;exception de celles express\u00e9ment d\u00e9crites dans le pr\u00e9sent Contrat d&#039;utilisation.<\/p><p><strong>Limitation de responsabilit\u00e9<\/strong><\/p><p>Conform\u00e9ment \u00e0 la limitation de garantie expliqu\u00e9e ci-dessus, vous comprenez et acceptez express\u00e9ment que toute r\u00e9clamation contre nous sera limit\u00e9e au montant que vous avez pay\u00e9, le cas \u00e9ch\u00e9ant, pour l&#039;utilisation des produits et\/ou services. Bart Solutions Limited ne sera pas responsable des pertes ou dommages directs, indirects, accessoires, cons\u00e9cutifs ou exemplaires que vous pourriez subir du fait de l&#039;utilisation de nos Ressources, ni de toute modification, perte ou corruption de donn\u00e9es, annulation, perte d&#039;acc\u00e8s ou interruption de service, dans la mesure o\u00f9 les lois applicables en mati\u00e8re de limitation de responsabilit\u00e9 s&#039;appliquent.<\/p><p><strong>Droits d&#039;auteur\/Marques d\u00e9pos\u00e9es<\/strong><\/p><p>Tous les contenus et mat\u00e9riels disponibles sur <a href=\"http:\/\/www.tarotica.ai\/fr\/\" target=\"_blank\" rel=\"nofollow noopener\">www.tarotica.ai <\/a>, y compris, mais sans s&#039;y limiter, le texte, les graphiques, le nom de l&#039;application, le code, les images et les logos, sont la propri\u00e9t\u00e9 intellectuelle de Bart Solutions Limited et sont prot\u00e9g\u00e9s par les lois applicables en mati\u00e8re de droit d&#039;auteur et de marques. Toute utilisation inappropri\u00e9e, y compris, mais sans s&#039;y limiter, la reproduction, la distribution, l&#039;affichage ou la transmission de tout contenu de ce site est strictement interdite, sauf autorisation expresse de Bart Solutions Limited.<\/p><p><strong>R\u00e9siliation de l&#039;utilisation<\/strong><\/p><p>Vous acceptez que nous puissions, \u00e0 notre enti\u00e8re discr\u00e9tion, suspendre ou r\u00e9silier votre acc\u00e8s \u00e0 tout ou partie de notre application et de nos Ressources, avec ou sans pr\u00e9avis et pour quelque raison que ce soit, y compris, sans s&#039;y limiter, la violation des pr\u00e9sentes Conditions d&#039;utilisation. Toute activit\u00e9 ill\u00e9gale, frauduleuse ou abusive pr\u00e9sum\u00e9e peut constituer un motif de r\u00e9siliation de votre relation et \u00eatre signal\u00e9e aux autorit\u00e9s comp\u00e9tentes. En cas de suspension ou de r\u00e9siliation, votre droit d&#039;utiliser les Ressources que nous fournissons cessera imm\u00e9diatement, et nous nous r\u00e9servons le droit de supprimer toute information que vous pourriez d\u00e9tenir chez nous, y compris vos identifiants de compte ou de connexion.<\/p><p><strong>Loi applicable<\/strong><\/p><p>Cette application est contr\u00f4l\u00e9e par Bart Solutions Limited. Elle est accessible dans la plupart des pays du monde. En acc\u00e9dant \u00e0 notre application, vous acceptez que les lois de notre \u00c9tat, sans \u00e9gard aux conflits de lois ni \u00e0 la Convention des Nations Unies sur les contrats de vente internationale de marchandises, s&#039;appliquent \u00e0 toutes les questions relatives \u00e0 l&#039;utilisation de cette application et \u00e0 l&#039;achat de produits ou services via ce site. De plus, toute action visant \u00e0 faire appliquer les pr\u00e9sentes Conditions d&#039;utilisation sera port\u00e9e devant les tribunaux f\u00e9d\u00e9raux ou \u00e9tatiques. Vous reconnaissez par les pr\u00e9sentes la comp\u00e9tence personnelle de ces tribunaux et renoncez \u00e0 toute objection de comp\u00e9tence, de lieu ou de for inopportun \u00e0 leur encontre.<\/p><p><strong>Garantie<\/strong><\/p><p>SAUF INDICATION CONTRAIRE, Bart Solutions Limited D\u00c9CLINE EXPRESS\u00c9MENT TOUTE GARANTIE ET CONDITION DE QUELQUE NATURE QUE CE SOIT, EXPRESSE OU IMPLICITE, Y COMPRIS, MAIS SANS S&#039;Y LIMITER, LES GARANTIES ET CONDITIONS IMPLICITES DE QUALIT\u00c9 MARCHANDE, D&#039;AD\u00c9QUATION \u00c0 UN USAGE PARTICULIER ET DE NON-CONTREFA\u00c7ON.<\/p><p><strong>Coordonn\u00e9es<\/strong><\/p><p>Si vous avez des questions ou des commentaires sur nos conditions d&#039;utilisation telles que d\u00e9crites ci-dessus, vous pouvez nous contacter \u00e0 : info@tarotica.ai Bart Solutions Limited<\/p>\t\t\t\t\t\t<\/div>\n\t\t\t\t<\/div>\n\t\t\t\t\t<\/div>\n\t\t<\/div>\n\t\t\t\t\t<\/div>\n\t\t<\/section>\n\t\t\t\t<\/div>","protected":false},"excerpt":{"rendered":"<p>Conditions g\u00e9n\u00e9rales de Tarotica\u00a0: Introduction. Bienvenue sur Tarotica. Cette application est d\u00e9tenue et exploit\u00e9e par Bart Solutions Limited. En visitant notre application et en acc\u00e9dant aux informations, ressources, services, produits et outils que nous proposons, vous comprenez et acceptez les conditions g\u00e9n\u00e9rales suivantes, telles qu&#039;\u00e9nonc\u00e9es dans la pr\u00e9sente politique (ci-apr\u00e8s d\u00e9nomm\u00e9e [\u2026]).<\/p>","protected":false},"author":1,"featured_media":0,"parent":0,"menu_order":0,"comment_status":"closed","ping_status":"closed","template":"","meta":{"_acf_changed":false,"om_disable_all_campaigns":false,"_monsterinsights_skip_tracking":false,"_monsterinsights_sitenote_active":false,"_monsterinsights_sitenote_note":"","_monsterinsights_sitenote_category":0,"_uf_show_specific_survey":0,"_uf_disable_surveys":false,"footnotes":""},"class_list":["post-17862","page","type-page","status-publish","hentry"],"acf":[],"aioseo_notices":[],"_links":{"self":[{"href":"https:\/\/www.tarotica.ai\/fr\/wp-json\/wp\/v2\/pages\/17862","targetHints":{"allow":["GET"]}}],"collection":[{"href":"https:\/\/www.tarotica.ai\/fr\/wp-json\/wp\/v2\/pages"}],"about":[{"href":"https:\/\/www.tarotica.ai\/fr\/wp-json\/wp\/v2\/types\/page"}],"author":[{"embeddable":true,"href":"https:\/\/www.tarotica.ai\/fr\/wp-json\/wp\/v2\/users\/1"}],"replies":[{"embeddable":true,"href":"https:\/\/www.tarotica.ai\/fr\/wp-json\/wp\/v2\/comments?post=17862"}],"version-history":[{"count":7,"href":"https:\/\/www.tarotica.ai\/fr\/wp-json\/wp\/v2\/pages\/17862\/revisions"}],"predecessor-version":[{"id":17870,"href":"https:\/\/www.tarotica.ai\/fr\/wp-json\/wp\/v2\/pages\/17862\/revisions\/17870"}],"wp:attachment":[{"href":"https:\/\/www.tarotica.ai\/fr\/wp-json\/wp\/v2\/media?parent=17862"}],"curies":[{"name":"wp","href":"https:\/\/api.w.org\/{rel}","templated":true}]}}