{"id":17629,"date":"2024-12-23T14:37:59","date_gmt":"2024-12-23T06:37:59","guid":{"rendered":"https:\/\/www.tarotica.app\/?page_id=17629"},"modified":"2026-01-14T11:33:30","modified_gmt":"2026-01-14T03:33:30","slug":"download-app","status":"publish","type":"page","link":"https:\/\/www.tarotica.ai\/fr\/download-app\/","title":{"rendered":"T\u00e9l\u00e9charger l&#039;application"},"content":{"rendered":"<div data-elementor-type=\"wp-page\" data-elementor-id=\"17629\" class=\"elementor elementor-17629\">\n\t\t\t\t\t\t<section class=\"elementor-section elementor-top-section elementor-element elementor-element-9e89e44 elementor-section-boxed elementor-section-height-default elementor-section-height-default\" data-id=\"9e89e44\" data-element_type=\"section\">\n\t\t\t\t\t\t<div class=\"elementor-container elementor-column-gap-default\">\n\t\t\t\t\t<div class=\"elementor-column elementor-col-100 elementor-top-column elementor-element elementor-element-e0571b8\" data-id=\"e0571b8\" data-element_type=\"column\">\n\t\t\t<div class=\"elementor-widget-wrap elementor-element-populated\">\n\t\t\t\t\t\t<div class=\"elementor-element elementor-element-742af96 elementor-widget elementor-widget-heading\" data-id=\"742af96\" data-element_type=\"widget\" data-widget_type=\"heading.default\">\n\t\t\t\t<div class=\"elementor-widget-container\">\n\t\t\t<h4 class=\"elementor-heading-title elementor-size-default\">D\u00e9couvrez votre sagesse int\u00e9rieure avec TAROTICA<\/h4>\t\t<\/div>\n\t\t\t\t<\/div>\n\t\t\t\t<div class=\"elementor-element elementor-element-d9b577a elementor-widget__width-initial elementor-widget elementor-widget-text-editor\" data-id=\"d9b577a\" data-element_type=\"widget\" data-widget_type=\"text-editor.default\">\n\t\t\t\t<div class=\"elementor-widget-container\">\n\t\t\t\t\t\t\t<p>Lib\u00e9rez le pouvoir des sch\u00e9mas arch\u00e9typaux et obtenez des conseils pour votre chemin de vie gr\u00e2ce \u00e0 notre application de tarot compl\u00e8te. T\u00e9l\u00e9chargez TAROTICA d\u00e8s aujourd&#039;hui et profitez de tirages num\u00e9riques personnalis\u00e9s, de quiz instructifs et bien plus encore. Laissez notre application vous guider sur votre chemin et vous \u00e9clairer face \u00e0 vos d\u00e9fis quotidiens.<\/p>\t\t\t\t\t\t<\/div>\n\t\t\t\t<\/div>\n\t\t\t\t<div class=\"elementor-element elementor-element-8a6cfb0 elementor-widget elementor-widget-heading\" data-id=\"8a6cfb0\" data-element_type=\"widget\" data-widget_type=\"heading.default\">\n\t\t\t\t<div class=\"elementor-widget-container\">\n\t\t\t<div class=\"elementor-heading-title elementor-size-default\">Alternativement, vous pouvez utiliser Tarotica sur le Web imm\u00e9diatement en cliquant sur le bouton ci-dessous\u00a0:<\/div>\t\t<\/div>\n\t\t\t\t<\/div>\n\t\t\t\t<div class=\"elementor-element elementor-element-1bbfcbb elementor-align-center elementor-widget elementor-widget-button\" data-id=\"1bbfcbb\" data-element_type=\"widget\" data-widget_type=\"button.default\">\n\t\t\t\t<div class=\"elementor-widget-container\">\n\t\t\t\t\t\t\t<div class=\"elementor-button-wrapper\">\n\t\t\t\t\t<a class=\"elementor-button elementor-button-link elementor-size-sm\" href=\"https:\/\/start.tarotica.ai\/\">\n\t\t\t\t\t\t<span class=\"elementor-button-content-wrapper\">\n\t\t\t\t\t\t\t\t\t<span class=\"elementor-button-text\"> Poser une question en ligne<\/span>\n\t\t\t\t\t<\/span>\n\t\t\t\t\t<\/a>\n\t\t\t\t<\/div>\n\t\t\t\t\t\t<\/div>\n\t\t\t\t<\/div>\n\t\t\t\t<section class=\"elementor-section elementor-inner-section elementor-element elementor-element-17cc7d5 elementor-section-boxed elementor-section-height-default elementor-section-height-default\" data-id=\"17cc7d5\" data-element_type=\"section\">\n\t\t\t\t\t\t<div class=\"elementor-container elementor-column-gap-default\">\n\t\t\t\t\t<div class=\"elementor-column elementor-col-50 elementor-inner-column elementor-element elementor-element-f4c8955\" data-id=\"f4c8955\" data-element_type=\"column\">\n\t\t\t<div class=\"elementor-widget-wrap elementor-element-populated\">\n\t\t\t\t\t\t<div class=\"elementor-element elementor-element-b5eec23 desktop-only elementor-hidden-mobile elementor-widget elementor-widget-image\" data-id=\"b5eec23\" data-element_type=\"widget\" data-widget_type=\"image.default\">\n\t\t\t\t<div class=\"elementor-widget-container\">\n\t\t\t\t\t\t\t\t\t\t\t\t\t<img fetchpriority=\"high\" decoding=\"async\" width=\"300\" height=\"271\" src=\"https:\/\/www.tarotica.ai\/wp-content\/uploads\/2025\/04\/code-ios2.jpg\" class=\"attachment-medium size-medium wp-image-18017\" alt=\"\" \/>\t\t\t\t\t\t\t\t\t\t\t\t\t<\/div>\n\t\t\t\t<\/div>\n\t\t\t\t<div class=\"elementor-element elementor-element-0811d8f elementor-widget elementor-widget-image\" data-id=\"0811d8f\" data-element_type=\"widget\" data-widget_type=\"image.default\">\n\t\t\t\t<div class=\"elementor-widget-container\">\n\t\t\t\t\t\t\t\t\t\t\t\t\t\t<a href=\"https:\/\/apps.apple.com\/us\/app\/tarotica-ai\/id6740607740\">\n\t\t\t\t\t\t\t<img decoding=\"async\" width=\"150\" height=\"50\" src=\"https:\/\/www.tarotica.ai\/wp-content\/uploads\/2024\/12\/app-down.png\" class=\"attachment-thumbnail size-thumbnail wp-image-17633\" alt=\"\" \/>\t\t\t\t\t\t\t\t<\/a>\n\t\t\t\t\t\t\t\t\t\t\t\t\t<\/div>\n\t\t\t\t<\/div>\n\t\t\t\t\t<\/div>\n\t\t<\/div>\n\t\t\t\t<div class=\"elementor-column elementor-col-50 elementor-inner-column elementor-element elementor-element-5133ea2\" data-id=\"5133ea2\" data-element_type=\"column\">\n\t\t\t<div class=\"elementor-widget-wrap elementor-element-populated\">\n\t\t\t\t\t\t<div class=\"elementor-element elementor-element-2e3a2b9 desktop-only elementor-hidden-mobile elementor-widget elementor-widget-image\" data-id=\"2e3a2b9\" data-element_type=\"widget\" data-widget_type=\"image.default\">\n\t\t\t\t<div class=\"elementor-widget-container\">\n\t\t\t\t\t\t\t\t\t\t\t\t\t<img decoding=\"async\" width=\"300\" height=\"271\" src=\"https:\/\/www.tarotica.ai\/wp-content\/uploads\/2025\/04\/code-an2.jpg\" class=\"attachment-medium size-medium wp-image-18019\" alt=\"\" \/>\t\t\t\t\t\t\t\t\t\t\t\t\t<\/div>\n\t\t\t\t<\/div>\n\t\t\t\t<div class=\"elementor-element elementor-element-7b08cac elementor-widget elementor-widget-image\" data-id=\"7b08cac\" data-element_type=\"widget\" data-widget_type=\"image.default\">\n\t\t\t\t<div class=\"elementor-widget-container\">\n\t\t\t\t\t\t\t\t\t\t\t\t\t\t<a href=\"https:\/\/play.google.com\/store\/apps\/details?id=ai.tarotica\">\n\t\t\t\t\t\t\t<img loading=\"lazy\" decoding=\"async\" width=\"150\" height=\"45\" src=\"https:\/\/www.tarotica.ai\/wp-content\/uploads\/2025\/01\/8afe0.png\" class=\"attachment-thumbnail size-thumbnail wp-image-17916\" alt=\"\" \/>\t\t\t\t\t\t\t\t<\/a>\n\t\t\t\t\t\t\t\t\t\t\t\t\t<\/div>\n\t\t\t\t<\/div>\n\t\t\t\t\t<\/div>\n\t\t<\/div>\n\t\t\t\t\t<\/div>\n\t\t<\/section>\n\t\t\t\t<div class=\"elementor-element elementor-element-51a855d elementor-widget elementor-widget-image\" data-id=\"51a855d\" data-element_type=\"widget\" data-widget_type=\"image.default\">\n\t\t\t\t<div class=\"elementor-widget-container\">\n\t\t\t\t\t\t\t\t\t\t\t\t\t<img loading=\"lazy\" decoding=\"async\" width=\"1024\" height=\"597\" src=\"https:\/\/www.tarotica.ai\/wp-content\/uploads\/2025\/02\/vxgs.png\" class=\"attachment-large size-large wp-image-17943\" alt=\"\" \/>\t\t\t\t\t\t\t\t\t\t\t\t\t<\/div>\n\t\t\t\t<\/div>\n\t\t\t\t<div class=\"elementor-element elementor-element-5da324e elementor-widget elementor-widget-image\" data-id=\"5da324e\" data-element_type=\"widget\" data-widget_type=\"image.default\">\n\t\t\t\t<div class=\"elementor-widget-container\">\n\t\t\t\t\t\t\t\t\t\t\t\t\t<img decoding=\"async\" src=\"https:\/\/www.tarotica.ai\/wp-content\/uploads\/2025\/04\/xdsc.png\" title=\"\" alt=\"\" loading=\"lazy\" \/>\t\t\t\t\t\t\t\t\t\t\t\t\t<\/div>\n\t\t\t\t<\/div>\n\t\t\t\t<div class=\"elementor-element elementor-element-190d7fc elementor-widget elementor-widget-spacer\" data-id=\"190d7fc\" data-element_type=\"widget\" data-widget_type=\"spacer.default\">\n\t\t\t\t<div class=\"elementor-widget-container\">\n\t\t\t\t\t<div class=\"elementor-spacer\">\n\t\t\t<div class=\"elementor-spacer-inner\"><\/div>\n\t\t<\/div>\n\t\t\t\t<\/div>\n\t\t\t\t<\/div>\n\t\t\t\t\t<\/div>\n\t\t<\/div>\n\t\t\t\t\t<\/div>\n\t\t<\/section>\n\t\t\t\t<section class=\"elementor-section elementor-top-section elementor-element elementor-element-b72a984 elementor-section-boxed elementor-section-height-default elementor-section-height-default\" data-id=\"b72a984\" data-element_type=\"section\">\n\t\t\t\t\t\t<div class=\"elementor-container elementor-column-gap-default\">\n\t\t\t\t\t<div class=\"elementor-column elementor-col-100 elementor-top-column elementor-element elementor-element-323cf20\" data-id=\"323cf20\" data-element_type=\"column\">\n\t\t\t<div class=\"elementor-widget-wrap elementor-element-populated\">\n\t\t\t\t\t\t<section class=\"elementor-section elementor-inner-section elementor-element elementor-element-9a433d1 elementor-section-boxed elementor-section-height-default elementor-section-height-default\" data-id=\"9a433d1\" data-element_type=\"section\">\n\t\t\t\t\t\t<div class=\"elementor-container elementor-column-gap-default\">\n\t\t\t\t\t<div class=\"elementor-column elementor-col-50 elementor-inner-column elementor-element elementor-element-0e74376\" data-id=\"0e74376\" data-element_type=\"column\">\n\t\t\t<div class=\"elementor-widget-wrap elementor-element-populated\">\n\t\t\t\t\t\t<div class=\"elementor-element elementor-element-95fceef elementor-widget elementor-widget-image\" data-id=\"95fceef\" data-element_type=\"widget\" data-widget_type=\"image.default\">\n\t\t\t\t<div class=\"elementor-widget-container\">\n\t\t\t\t\t\t\t\t\t\t\t\t\t<img loading=\"lazy\" decoding=\"async\" width=\"744\" height=\"600\" src=\"https:\/\/www.tarotica.ai\/wp-content\/uploads\/2024\/12\/36cnj.png\" class=\"attachment-large size-large wp-image-17649\" alt=\"\" \/>\t\t\t\t\t\t\t\t\t\t\t\t\t<\/div>\n\t\t\t\t<\/div>\n\t\t\t\t\t<\/div>\n\t\t<\/div>\n\t\t\t\t<div class=\"elementor-column elementor-col-50 elementor-inner-column elementor-element elementor-element-7a2aea1\" data-id=\"7a2aea1\" data-element_type=\"column\">\n\t\t\t<div class=\"elementor-widget-wrap elementor-element-populated\">\n\t\t\t\t\t\t<div class=\"elementor-element elementor-element-7a3a00e elementor-widget elementor-widget-heading\" data-id=\"7a3a00e\" data-element_type=\"widget\" data-widget_type=\"heading.default\">\n\t\t\t\t<div class=\"elementor-widget-container\">\n\t\t\t<h4 class=\"elementor-heading-title elementor-size-default\">La fortune du jour \u00b7 Guidance gratuite du tarot<\/h4>\t\t<\/div>\n\t\t\t\t<\/div>\n\t\t\t\t<div class=\"elementor-element elementor-element-10c18d7 elementor-widget elementor-widget-spacer\" data-id=\"10c18d7\" data-element_type=\"widget\" data-widget_type=\"spacer.default\">\n\t\t\t\t<div class=\"elementor-widget-container\">\n\t\t\t\t\t<div class=\"elementor-spacer\">\n\t\t\t<div class=\"elementor-spacer-inner\"><\/div>\n\t\t<\/div>\n\t\t\t\t<\/div>\n\t\t\t\t<\/div>\n\t\t\t\t<div class=\"elementor-element elementor-element-71a77c8 elementor-widget__width-initial elementor-widget elementor-widget-text-editor\" data-id=\"71a77c8\" data-element_type=\"widget\" data-widget_type=\"text-editor.default\">\n\t\t\t\t<div class=\"elementor-widget-container\">\n\t\t\t\t\t\t\t<p>Commencez votre journ\u00e9e avec clart\u00e9 et inspiration\u00a0! Notre rubrique \u00ab\u00a0Avenir du jour\u00a0\u00bb vous propose un tirage de tarot quotidien gratuit con\u00e7u pour \u00e9clairer les opportunit\u00e9s et les d\u00e9fis \u00e0 venir. Chaque matin, vous recevrez gratuitement\u00a0:<\/p><p>Aper\u00e7u personnalis\u00e9 du tarot<br \/>Une carte unique dessin\u00e9e en fonction de l&#039;\u00e9nergie cosmique du jour, r\u00e9v\u00e9lant des messages r\u00e9sonnants pour le voyage de votre vie.<br \/>Interpr\u00e9tation approfondie et conseils pratiques<br \/>D\u00e9ballez le symbolisme de la carte, les th\u00e8mes cl\u00e9s et les \u00e9tapes concr\u00e8tes pour naviguer dans votre journ\u00e9e en toute confiance.<\/p><p><br \/>Que vous recherchiez de la motivation, du r\u00e9confort ou une nouvelle perspective, \u00ab Today&#039;s Fortune \u00bb est votre compagnon spirituel gratuit, vous guidant quotidiennement vers la croissance et la pleine conscience.<\/p>\t\t\t\t\t\t<\/div>\n\t\t\t\t<\/div>\n\t\t\t\t\t<\/div>\n\t\t<\/div>\n\t\t\t\t\t<\/div>\n\t\t<\/section>\n\t\t\t\t<div class=\"elementor-element elementor-element-5fc3cf3 elementor-widget elementor-widget-spacer\" data-id=\"5fc3cf3\" data-element_type=\"widget\" data-widget_type=\"spacer.default\">\n\t\t\t\t<div class=\"elementor-widget-container\">\n\t\t\t\t\t<div class=\"elementor-spacer\">\n\t\t\t<div class=\"elementor-spacer-inner\"><\/div>\n\t\t<\/div>\n\t\t\t\t<\/div>\n\t\t\t\t<\/div>\n\t\t\t\t\t<\/div>\n\t\t<\/div>\n\t\t\t\t\t<\/div>\n\t\t<\/section>\n\t\t\t\t<section class=\"elementor-section elementor-top-section elementor-element elementor-element-b447b2f elementor-section-boxed elementor-section-height-default elementor-section-height-default\" data-id=\"b447b2f\" data-element_type=\"section\">\n\t\t\t\t\t\t<div class=\"elementor-container elementor-column-gap-default\">\n\t\t\t\t\t<div class=\"elementor-column elementor-col-100 elementor-top-column elementor-element elementor-element-84783a0\" data-id=\"84783a0\" data-element_type=\"column\">\n\t\t\t<div class=\"elementor-widget-wrap elementor-element-populated\">\n\t\t\t\t\t\t<section class=\"elementor-section elementor-inner-section elementor-element elementor-element-f7aacf8 elementor-section-boxed elementor-section-height-default elementor-section-height-default\" data-id=\"f7aacf8\" data-element_type=\"section\">\n\t\t\t\t\t\t<div class=\"elementor-container elementor-column-gap-default\">\n\t\t\t\t\t<div class=\"elementor-column elementor-col-50 elementor-inner-column elementor-element elementor-element-e28fdf2\" data-id=\"e28fdf2\" data-element_type=\"column\">\n\t\t\t<div class=\"elementor-widget-wrap elementor-element-populated\">\n\t\t\t\t\t\t<div class=\"elementor-element elementor-element-34c3a45 elementor-widget elementor-widget-heading\" data-id=\"34c3a45\" data-element_type=\"widget\" data-widget_type=\"heading.default\">\n\t\t\t\t<div class=\"elementor-widget-container\">\n\t\t\t<h4 class=\"elementor-heading-title elementor-size-default\">Tirage \u00e0 trois cartes : pass\u00e9, pr\u00e9sent, futur<\/h4>\t\t<\/div>\n\t\t\t\t<\/div>\n\t\t\t\t<div class=\"elementor-element elementor-element-4845acd elementor-widget elementor-widget-spacer\" data-id=\"4845acd\" data-element_type=\"widget\" data-widget_type=\"spacer.default\">\n\t\t\t\t<div class=\"elementor-widget-container\">\n\t\t\t\t\t<div class=\"elementor-spacer\">\n\t\t\t<div class=\"elementor-spacer-inner\"><\/div>\n\t\t<\/div>\n\t\t\t\t<\/div>\n\t\t\t\t<\/div>\n\t\t\t\t<div class=\"elementor-element elementor-element-ac12a9a elementor-widget__width-initial elementor-widget elementor-widget-text-editor\" data-id=\"ac12a9a\" data-element_type=\"widget\" data-widget_type=\"text-editor.default\">\n\t\t\t\t<div class=\"elementor-widget-container\">\n\t\t\t\t\t\t\t<p>Obtenez un aper\u00e7u du parcours de votre vie gr\u00e2ce \u00e0 notre fonction Tirage \u00e0 trois cartes\u00a0:<\/p><ul><li><strong>Pass\u00e9 <\/strong>:R\u00e9v\u00e8le les \u00e9v\u00e9nements et les influences qui ont fa\u00e7onn\u00e9 votre situation actuelle.<\/li><li><strong>Pr\u00e9sent <\/strong>:Refl\u00e8te votre \u00e9tat actuel et les \u00e9nergies en jeu dans votre vie en ce moment.<\/li><li><strong>Avenir <\/strong>:Offre un aper\u00e7u des r\u00e9sultats potentiels et des voies \u00e0 suivre.<\/li><\/ul><p>Piochez trois cartes pour comprendre votre pass\u00e9, naviguer dans votre pr\u00e9sent et pr\u00e9parer votre avenir.<\/p><div class=\"my-2\">\u00a0<\/div>\t\t\t\t\t\t<\/div>\n\t\t\t\t<\/div>\n\t\t\t\t\t<\/div>\n\t\t<\/div>\n\t\t\t\t<div class=\"elementor-column elementor-col-50 elementor-inner-column elementor-element elementor-element-103d9bf\" data-id=\"103d9bf\" data-element_type=\"column\">\n\t\t\t<div class=\"elementor-widget-wrap elementor-element-populated\">\n\t\t\t\t\t\t<div class=\"elementor-element elementor-element-0b90ec3 elementor-widget elementor-widget-image\" data-id=\"0b90ec3\" data-element_type=\"widget\" data-widget_type=\"image.default\">\n\t\t\t\t<div class=\"elementor-widget-container\">\n\t\t\t\t\t\t\t\t\t\t\t\t\t<img loading=\"lazy\" decoding=\"async\" width=\"861\" height=\"600\" src=\"https:\/\/www.tarotica.ai\/wp-content\/uploads\/2024\/12\/nkdn.png\" class=\"attachment-large size-large wp-image-17653\" alt=\"\" \/>\t\t\t\t\t\t\t\t\t\t\t\t\t<\/div>\n\t\t\t\t<\/div>\n\t\t\t\t\t<\/div>\n\t\t<\/div>\n\t\t\t\t\t<\/div>\n\t\t<\/section>\n\t\t\t\t<div class=\"elementor-element elementor-element-abdd3b4 elementor-widget elementor-widget-spacer\" data-id=\"abdd3b4\" data-element_type=\"widget\" data-widget_type=\"spacer.default\">\n\t\t\t\t<div class=\"elementor-widget-container\">\n\t\t\t\t\t<div class=\"elementor-spacer\">\n\t\t\t<div class=\"elementor-spacer-inner\"><\/div>\n\t\t<\/div>\n\t\t\t\t<\/div>\n\t\t\t\t<\/div>\n\t\t\t\t\t<\/div>\n\t\t<\/div>\n\t\t\t\t\t<\/div>\n\t\t<\/section>\n\t\t\t\t<section class=\"elementor-section elementor-top-section elementor-element elementor-element-40eb20f elementor-section-boxed elementor-section-height-default elementor-section-height-default\" data-id=\"40eb20f\" data-element_type=\"section\">\n\t\t\t\t\t\t<div class=\"elementor-container elementor-column-gap-default\">\n\t\t\t\t\t<div class=\"elementor-column elementor-col-100 elementor-top-column elementor-element elementor-element-653002f\" data-id=\"653002f\" data-element_type=\"column\">\n\t\t\t<div class=\"elementor-widget-wrap elementor-element-populated\">\n\t\t\t\t\t\t<section class=\"elementor-section elementor-inner-section elementor-element elementor-element-4e0a22d elementor-section-boxed elementor-section-height-default elementor-section-height-default\" data-id=\"4e0a22d\" data-element_type=\"section\">\n\t\t\t\t\t\t<div class=\"elementor-container elementor-column-gap-default\">\n\t\t\t\t\t<div class=\"elementor-column elementor-col-50 elementor-inner-column elementor-element elementor-element-8c2cc14\" data-id=\"8c2cc14\" data-element_type=\"column\">\n\t\t\t<div class=\"elementor-widget-wrap elementor-element-populated\">\n\t\t\t\t\t\t<div class=\"elementor-element elementor-element-de27163 elementor-widget elementor-widget-image\" data-id=\"de27163\" data-element_type=\"widget\" data-widget_type=\"image.default\">\n\t\t\t\t<div class=\"elementor-widget-container\">\n\t\t\t\t\t\t\t\t\t\t\t\t\t<img loading=\"lazy\" decoding=\"async\" width=\"441\" height=\"600\" src=\"https:\/\/www.tarotica.ai\/wp-content\/uploads\/2024\/12\/fgrtg-1.png\" class=\"attachment-large size-large wp-image-17656\" alt=\"\" \/>\t\t\t\t\t\t\t\t\t\t\t\t\t<\/div>\n\t\t\t\t<\/div>\n\t\t\t\t\t<\/div>\n\t\t<\/div>\n\t\t\t\t<div class=\"elementor-column elementor-col-50 elementor-inner-column elementor-element elementor-element-a5372de\" data-id=\"a5372de\" data-element_type=\"column\">\n\t\t\t<div class=\"elementor-widget-wrap elementor-element-populated\">\n\t\t\t\t\t\t<div class=\"elementor-element elementor-element-e511f93 elementor-widget elementor-widget-heading\" data-id=\"e511f93\" data-element_type=\"widget\" data-widget_type=\"heading.default\">\n\t\t\t\t<div class=\"elementor-widget-container\">\n\t\t\t<h4 class=\"elementor-heading-title elementor-size-default\">Lire l&#039;histoire<\/h4>\t\t<\/div>\n\t\t\t\t<\/div>\n\t\t\t\t<div class=\"elementor-element elementor-element-d7c4992 elementor-widget elementor-widget-spacer\" data-id=\"d7c4992\" data-element_type=\"widget\" data-widget_type=\"spacer.default\">\n\t\t\t\t<div class=\"elementor-widget-container\">\n\t\t\t\t\t<div class=\"elementor-spacer\">\n\t\t\t<div class=\"elementor-spacer-inner\"><\/div>\n\t\t<\/div>\n\t\t\t\t<\/div>\n\t\t\t\t<\/div>\n\t\t\t\t<div class=\"elementor-element elementor-element-d75a992 elementor-widget__width-initial elementor-widget elementor-widget-text-editor\" data-id=\"d75a992\" data-element_type=\"widget\" data-widget_type=\"text-editor.default\">\n\t\t\t\t<div class=\"elementor-widget-container\">\n\t\t\t\t\t\t\t<p>Nous conservons un enregistrement de chaque tirage de tarot que vous effectuez. Cette fonctionnalit\u00e9 vous permet de\u00a0:<\/p><ul><li><strong>R\u00e9viser les lectures pass\u00e9es <\/strong>:Acc\u00e9dez et r\u00e9visez facilement les r\u00e9sultats de vos s\u00e9ances de tarot pr\u00e9c\u00e9dentes.<\/li><li><strong>Suivre les progr\u00e8s <\/strong>:Surveillez l\u2019\u00e9volution de vos connaissances et de vos pr\u00e9visions au fil du temps.<\/li><li><strong>Acqu\u00e9rir des connaissances plus approfondies <\/strong>:Utilisez les lectures pass\u00e9es pour acqu\u00e9rir une compr\u00e9hension plus compl\u00e8te du parcours de votre vie et des mod\u00e8les qui influencent vos d\u00e9cisions.<\/li><\/ul><p>Gr\u00e2ce \u00e0 notre lecture de l\u2019histoire, vous pouvez r\u00e9fl\u00e9chir \u00e0 votre cheminement spirituel et prendre des d\u00e9cisions plus \u00e9clair\u00e9es pour l\u2019avenir.<\/p><div class=\"my-2\">\u00a0<\/div>\t\t\t\t\t\t<\/div>\n\t\t\t\t<\/div>\n\t\t\t\t\t<\/div>\n\t\t<\/div>\n\t\t\t\t\t<\/div>\n\t\t<\/section>\n\t\t\t\t<div class=\"elementor-element elementor-element-59f2ecc elementor-widget elementor-widget-spacer\" data-id=\"59f2ecc\" data-element_type=\"widget\" data-widget_type=\"spacer.default\">\n\t\t\t\t<div class=\"elementor-widget-container\">\n\t\t\t\t\t<div class=\"elementor-spacer\">\n\t\t\t<div class=\"elementor-spacer-inner\"><\/div>\n\t\t<\/div>\n\t\t\t\t<\/div>\n\t\t\t\t<\/div>\n\t\t\t\t<section class=\"elementor-section elementor-inner-section elementor-element elementor-element-94483f6 elementor-section-full_width elementor-section-height-default elementor-section-height-default\" data-id=\"94483f6\" data-element_type=\"section\" data-settings=\"{&quot;background_background&quot;:&quot;slideshow&quot;,&quot;background_slideshow_gallery&quot;:[{&quot;id&quot;:17685,&quot;url&quot;:&quot;https:\\\/\\\/www.tarotica.app\\\/wp-content\\\/uploads\\\/2024\\\/12\\\/vsvy.png&quot;}],&quot;background_slideshow_loop&quot;:&quot;yes&quot;,&quot;background_slideshow_slide_duration&quot;:5000,&quot;background_slideshow_slide_transition&quot;:&quot;fade&quot;,&quot;background_slideshow_transition_duration&quot;:500}\">\n\t\t\t\t\t\t<div class=\"elementor-container elementor-column-gap-default\">\n\t\t\t\t\t<div class=\"elementor-column elementor-col-100 elementor-inner-column elementor-element elementor-element-dfbe425\" data-id=\"dfbe425\" data-element_type=\"column\">\n\t\t\t<div class=\"elementor-widget-wrap elementor-element-populated\">\n\t\t\t\t\t\t<div class=\"elementor-element elementor-element-22348f9 elementor-widget elementor-widget-heading\" data-id=\"22348f9\" data-element_type=\"widget\" data-widget_type=\"heading.default\">\n\t\t\t\t<div class=\"elementor-widget-container\">\n\t\t\t<h1 class=\"elementor-heading-title elementor-size-default\">T\u00e9l\u00e9charger Tarotica<\/h1>\t\t<\/div>\n\t\t\t\t<\/div>\n\t\t\t\t<div class=\"elementor-element elementor-element-db2cd96 elementor-widget elementor-widget-spacer\" data-id=\"db2cd96\" data-element_type=\"widget\" data-widget_type=\"spacer.default\">\n\t\t\t\t<div class=\"elementor-widget-container\">\n\t\t\t\t\t<div class=\"elementor-spacer\">\n\t\t\t<div class=\"elementor-spacer-inner\"><\/div>\n\t\t<\/div>\n\t\t\t\t<\/div>\n\t\t\t\t<\/div>\n\t\t\t\t\t<\/div>\n\t\t<\/div>\n\t\t\t\t\t<\/div>\n\t\t<\/section>\n\t\t\t\t\t<\/div>\n\t\t<\/div>\n\t\t\t\t\t<\/div>\n\t\t<\/section>\n\t\t\t\t<\/div>","protected":false},"excerpt":{"rendered":"<p>D\u00e9couvrez votre sagesse int\u00e9rieure avec TAROTICA. Lib\u00e9rez le pouvoir des sch\u00e9mas arch\u00e9typaux et obtenez des conseils pour votre chemin de vie gr\u00e2ce \u00e0 notre application de tarot compl\u00e8te. T\u00e9l\u00e9chargez TAROTICA d\u00e8s aujourd&#039;hui et profitez de tirages num\u00e9riques personnalis\u00e9s, de quiz instructifs et bien plus encore. Laissez notre application vous guider sur votre chemin et vous \u00e9clairer face \u00e0 vos d\u00e9fis quotidiens. Vous pouvez \u00e9galement utiliser [\u2026]<\/p>","protected":false},"author":1,"featured_media":0,"parent":0,"menu_order":0,"comment_status":"closed","ping_status":"closed","template":"","meta":{"_acf_changed":false,"om_disable_all_campaigns":false,"_monsterinsights_skip_tracking":false,"_monsterinsights_sitenote_active":false,"_monsterinsights_sitenote_note":"","_monsterinsights_sitenote_category":0,"_uf_show_specific_survey":0,"_uf_disable_surveys":false,"footnotes":""},"class_list":["post-17629","page","type-page","status-publish","hentry"],"acf":[],"aioseo_notices":[],"_links":{"self":[{"href":"https:\/\/www.tarotica.ai\/fr\/wp-json\/wp\/v2\/pages\/17629","targetHints":{"allow":["GET"]}}],"collection":[{"href":"https:\/\/www.tarotica.ai\/fr\/wp-json\/wp\/v2\/pages"}],"about":[{"href":"https:\/\/www.tarotica.ai\/fr\/wp-json\/wp\/v2\/types\/page"}],"author":[{"embeddable":true,"href":"https:\/\/www.tarotica.ai\/fr\/wp-json\/wp\/v2\/users\/1"}],"replies":[{"embeddable":true,"href":"https:\/\/www.tarotica.ai\/fr\/wp-json\/wp\/v2\/comments?post=17629"}],"version-history":[{"count":134,"href":"https:\/\/www.tarotica.ai\/fr\/wp-json\/wp\/v2\/pages\/17629\/revisions"}],"predecessor-version":[{"id":18798,"href":"https:\/\/www.tarotica.ai\/fr\/wp-json\/wp\/v2\/pages\/17629\/revisions\/18798"}],"wp:attachment":[{"href":"https:\/\/www.tarotica.ai\/fr\/wp-json\/wp\/v2\/media?parent=17629"}],"curies":[{"name":"wp","href":"https:\/\/api.w.org\/{rel}","templated":true}]}}