{"id":17862,"date":"2025-01-14T14:05:09","date_gmt":"2025-01-14T06:05:09","guid":{"rendered":"https:\/\/www.tarotica.ai\/?page_id=17862"},"modified":"2025-01-14T14:14:53","modified_gmt":"2025-01-14T06:14:53","slug":"terms","status":"publish","type":"page","link":"https:\/\/www.tarotica.ai\/es\/terms\/","title":{"rendered":"T\u00e9rminos"},"content":{"rendered":"<div data-elementor-type=\"wp-page\" data-elementor-id=\"17862\" class=\"elementor elementor-17862\">\n\t\t\t\t\t\t<section class=\"elementor-section elementor-top-section elementor-element elementor-element-d5111c9 elementor-section-boxed elementor-section-height-default elementor-section-height-default\" data-id=\"d5111c9\" data-element_type=\"section\">\n\t\t\t\t\t\t<div class=\"elementor-container elementor-column-gap-default\">\n\t\t\t\t\t<div class=\"elementor-column elementor-col-100 elementor-top-column elementor-element elementor-element-9c32bfa\" data-id=\"9c32bfa\" data-element_type=\"column\">\n\t\t\t<div class=\"elementor-widget-wrap elementor-element-populated\">\n\t\t\t\t\t\t<div class=\"elementor-element elementor-element-1c88a84 elementor-widget elementor-widget-heading\" data-id=\"1c88a84\" data-element_type=\"widget\" data-widget_type=\"heading.default\">\n\t\t\t\t<div class=\"elementor-widget-container\">\n\t\t\t<h2 class=\"elementor-heading-title elementor-size-default\">T\u00e9rminos y condiciones de Tarotica<\/h2>\t\t<\/div>\n\t\t\t\t<\/div>\n\t\t\t\t\t<\/div>\n\t\t<\/div>\n\t\t\t\t\t<\/div>\n\t\t<\/section>\n\t\t\t\t<section class=\"elementor-section elementor-top-section elementor-element elementor-element-2d8bf95 elementor-section-boxed elementor-section-height-default elementor-section-height-default\" data-id=\"2d8bf95\" data-element_type=\"section\">\n\t\t\t\t\t\t<div class=\"elementor-container elementor-column-gap-default\">\n\t\t\t\t\t<div class=\"elementor-column elementor-col-100 elementor-top-column elementor-element elementor-element-a458ffc\" data-id=\"a458ffc\" data-element_type=\"column\">\n\t\t\t<div class=\"elementor-widget-wrap elementor-element-populated\">\n\t\t\t\t\t\t<div class=\"elementor-element elementor-element-ed0787d elementor-widget elementor-widget-text-editor\" data-id=\"ed0787d\" data-element_type=\"widget\" data-widget_type=\"text-editor.default\">\n\t\t\t\t<div class=\"elementor-widget-container\">\n\t\t\t\t\t\t\t<p><strong>Introducci\u00f3n<\/strong><\/p><p>Bienvenido a Tarotica. Esta aplicaci\u00f3n es propiedad de Bart Solutions Limited y est\u00e1 operada por ella. Al visitar nuestra aplicaci\u00f3n y acceder a la informaci\u00f3n, los recursos, los servicios, los productos y las herramientas que ofrecemos, usted comprende y acepta los siguientes t\u00e9rminos y condiciones, tal como se establecen en esta pol\u00edtica (en adelante, el &quot;Acuerdo de Usuario&quot;). Este acuerdo entr\u00f3 en vigor el 7 de febrero de 2018. Nos reservamos el derecho a modificar este Acuerdo de Usuario ocasionalmente sin previo aviso. Usted reconoce y acepta que es su responsabilidad revisar este Acuerdo de Usuario peri\u00f3dicamente para familiarizarse con las modificaciones. Su uso continuado de este sitio despu\u00e9s de dichas modificaciones constituir\u00e1 el reconocimiento y la aceptaci\u00f3n de los t\u00e9rminos y condiciones modificados.<\/p><p><strong>Uso y conducta responsables<\/strong><\/p><p>Al visitar nuestra aplicaci\u00f3n y acceder a la informaci\u00f3n, los recursos, los servicios, los productos y las herramientas que le brindamos, ya sea directa o indirectamente (en adelante, &quot;Recursos&quot;), usted acepta utilizar estos Recursos \u00fanicamente para los fines previstos seg\u00fan lo permita<\/p><p>(a) los t\u00e9rminos de este Acuerdo de Usuario, y<\/p><p>(b) las leyes, normativas y pr\u00e1cticas o directrices en l\u00ednea generalmente aceptadas aplicables. Por lo tanto, usted entiende que: a. Para acceder a nuestros Recursos, es posible que se le solicite que proporcione cierta informaci\u00f3n personal (como su identificaci\u00f3n, datos de contacto, etc.) como parte del proceso de registro o para poder usar los Recursos. Usted acepta que toda la informaci\u00f3n que proporcione ser\u00e1 siempre precisa, correcta y actualizada.<\/p><p>b. Usted es responsable de mantener la confidencialidad de la informaci\u00f3n de inicio de sesi\u00f3n asociada a cualquier cuenta que utilice para acceder a nuestros Recursos. Por consiguiente, usted es responsable de todas las actividades que se realicen en su(s) cuenta(s).<\/p><p>c. Queda estrictamente prohibido acceder (o intentar acceder) a cualquiera de nuestros Recursos por cualquier medio que no sea el que proporcionamos. Usted se compromete espec\u00edficamente a no acceder (o intentar acceder) a ninguno de nuestros Recursos a trav\u00e9s de medios automatizados, poco \u00e9ticos o no convencionales.<\/p><p>d. Est\u00e1 estrictamente prohibido participar en cualquier actividad que interrumpa o interfiera con nuestros Recursos, incluidos los servidores y\/o redes a los que se encuentran o est\u00e1n conectados nuestros Recursos.<\/p><p>e. Intentar copiar, duplicar, reproducir, vender, intercambiar o revender nuestros Recursos est\u00e1 estrictamente prohibido.<\/p><p>f. Usted es el \u00fanico responsable de cualquier consecuencia, p\u00e9rdida o da\u00f1o que podamos sufrir, directa o indirectamente, debido a cualquier actividad no autorizada que usted realice, como se explic\u00f3 anteriormente, y podr\u00e1 incurrir en responsabilidad penal o civil.<\/p><p>g. Podemos ofrecer diversas herramientas de comunicaci\u00f3n abierta en nuestra aplicaci\u00f3n, como comentarios y publicaciones de blogs, chat p\u00fablico, foros, tableros de mensajes, grupos de noticias, rese\u00f1as y valoraciones de productos, diversas redes sociales, etc.<\/p><p>Usted comprende que, por lo general, no preseleccionamos ni monitoreamos el contenido publicado por los usuarios de estas diversas herramientas de comunicaci\u00f3n, lo que significa que si elige usar estas herramientas para enviar cualquier tipo de contenido a nuestra aplicaci\u00f3n, entonces es su responsabilidad personal usar estas herramientas de manera responsable y \u00e9tica.<\/p><p>Al publicar informaci\u00f3n o utilizar de otro modo cualquier herramienta de comunicaci\u00f3n abierta como la mencionada, usted acepta que no cargar\u00e1, publicar\u00e1, compartir\u00e1 ni distribuir\u00e1 de otro modo ning\u00fan contenido que:<\/p><p>i. Sea ilegal, amenazante, difamatorio, abusivo, acosador, degradante, intimidante, fraudulento, enga\u00f1oso, invasivo, racista o contenga cualquier tipo de lenguaje sugerente, inapropiado o expl\u00edcito;<\/p><p>ii. Infrinja cualquier marca registrada, patente, secreto comercial, derecho de autor u otro derecho de propiedad de cualquier parte;<br \/>iii. Contenga cualquier tipo de publicidad no autorizada o no solicitada;<br \/>iv. Se haga pasar por cualquier persona o entidad, incluyendo cualquier <a href=\"http:\/\/www.tarotica.ai\/es\/\" target=\"_blank\" rel=\"nofollow noopener\">www.tarotica.ai <\/a>empleados o representantes.<\/p><div class=\"my-2\">\u00a0<\/div><p>Nos reservamos el derecho, a nuestra entera discreci\u00f3n, de eliminar cualquier contenido que, a nuestro juicio, no cumpla con este Acuerdo de Usuario, as\u00ed como cualquier contenido que consideremos ofensivo, da\u00f1ino, objetable, inexacto o que infrinja derechos de autor o marcas registradas de terceros. No nos responsabilizamos de ninguna demora o imposibilidad de eliminar dicho contenido. Si publica contenido que decidamos eliminar, por la presente consiente dicha eliminaci\u00f3n y renuncia a cualquier reclamaci\u00f3n contra nosotros.<\/p><p>h. No asumimos ninguna responsabilidad por el contenido publicado por usted ni por ning\u00fan otro usuario externo de nuestra aplicaci\u00f3n. Sin embargo, cualquier contenido publicado por usted mediante las herramientas de comunicaci\u00f3n abiertas de nuestra aplicaci\u00f3n, siempre que no viole ni infrinja ning\u00fan derecho de autor o marca registrada de terceros, se convierte en propiedad de Bart Solutions Limited y, por lo tanto, nos otorga una licencia perpetua, irrevocable, mundial, libre de regal\u00edas y exclusiva para reproducir, modificar, adaptar, traducir, publicar, exhibir p\u00fablicamente y\/o distribuir como consideremos oportuno. Esto solo se refiere y aplica al contenido publicado mediante las herramientas de comunicaci\u00f3n abiertas, tal como se describe, y no se refiere a la informaci\u00f3n proporcionada como parte del proceso de registro, necesario para usar nuestros Recursos.<\/p><p>i. Usted acepta indemnizar y eximir de responsabilidad a Bart Solutions Limited, su empresa matriz y sus filiales, as\u00ed como a sus directores, funcionarios, gerentes, empleados, donantes, agentes y licenciantes, por cualquier p\u00e9rdida, gasto, da\u00f1o o coste, incluidos los honorarios razonables de abogados, que resulten de cualquier incumplimiento de este Acuerdo de Usuario o del incumplimiento de cualquier obligaci\u00f3n relacionada con su cuenta en que usted o cualquier otra persona que utilice su cuenta incurran. Nos reservamos el derecho de asumir la defensa exclusiva de cualquier reclamaci\u00f3n por la que tengamos derecho a indemnizaci\u00f3n en virtud de este Acuerdo de Usuario. En tal caso, deber\u00e1 brindarnos la cooperaci\u00f3n que le solicitemos razonablemente.<\/p><p><strong>Limitaci\u00f3n de garant\u00edas<\/strong><\/p><p>Al usar nuestra aplicaci\u00f3n, usted comprende y acepta que todos los recursos que ofrecemos se ofrecen &quot;tal cual&quot; y &quot;seg\u00fan disponibilidad&quot;. Esto significa que no le garantizamos que:<br \/>i) el uso de nuestros Recursos satisfar\u00e1 sus necesidades o requisitos.<br \/>ii) el uso de nuestros Recursos ser\u00e1 ininterrumpido, oportuno, seguro o libre de errores.<br \/>iii) la informaci\u00f3n obtenida mediante el uso de nuestros Recursos ser\u00e1 precisa o confiable, y<br \/>iv) cualquier defecto en el funcionamiento o funcionalidad de cualquiera de los Recursos que proporcionamos ser\u00e1 reparado o corregido.<\/p><div class=\"my-2\">\u00a0<\/div><p>Adem\u00e1s, usted comprende y acepta que: v) cualquier contenido descargado u obtenido de otra manera a trav\u00e9s del uso de nuestros Recursos se realiza a su propia discreci\u00f3n y riesgo, y que usted es el \u00fanico responsable de cualquier da\u00f1o a su computadora u otros dispositivos por cualquier p\u00e9rdida de datos que pueda resultar de la descarga de dicho contenido.<br \/>vi) ninguna informaci\u00f3n o consejo, ya sea expreso, impl\u00edcito, oral o escrito, obtenido por usted de Bart Solutions Limited o a trav\u00e9s de cualquier Recurso que proporcionemos crear\u00e1 garant\u00eda o condici\u00f3n de ning\u00fan tipo, excepto aquellas expresamente descritas en este Acuerdo de Usuario.<\/p><p><strong>Limitaci\u00f3n de responsabilidad<\/strong><\/p><p>En relaci\u00f3n con la Limitaci\u00f3n de Garant\u00edas explicada anteriormente, usted comprende y acepta expresamente que cualquier reclamaci\u00f3n contra nosotros se limitar\u00e1 al importe que haya pagado, si lo hubiera, por el uso de los productos o servicios. Bart Solutions Limited no ser\u00e1 responsable de ninguna p\u00e9rdida o da\u00f1o directo, indirecto, incidental, consecuente o ejemplar que pueda sufrir como resultado del uso de nuestros Recursos, ni de ning\u00fan cambio, p\u00e9rdida o corrupci\u00f3n de datos, cancelaci\u00f3n, p\u00e9rdida de acceso o tiempo de inactividad, en la medida en que sea de aplicaci\u00f3n la legislaci\u00f3n aplicable sobre limitaci\u00f3n de responsabilidad.<\/p><p><strong>Derechos de autor\/Marcas comerciales<\/strong><\/p><p>Todo el contenido y materiales disponibles en <a href=\"http:\/\/www.tarotica.ai\/es\/\" target=\"_blank\" rel=\"nofollow noopener\">www.tarotica.ai <\/a>, incluyendo, entre otros, texto, gr\u00e1ficos, nombre de la aplicaci\u00f3n, c\u00f3digo, im\u00e1genes y logotipos, son propiedad intelectual de Bart Solutions Limited y est\u00e1n protegidos por las leyes de derechos de autor y marcas registradas aplicables. Cualquier uso inapropiado, incluyendo, entre otros, la reproducci\u00f3n, distribuci\u00f3n, exhibici\u00f3n o transmisi\u00f3n de cualquier contenido de este sitio, queda estrictamente prohibido, salvo autorizaci\u00f3n expresa de Bart Solutions Limited.<\/p><p><strong>Terminaci\u00f3n del uso<\/strong><\/p><p>Acepta que, a nuestra entera discreci\u00f3n, podemos suspender o cancelar su acceso a la totalidad o parte de nuestra aplicaci\u00f3n y Recursos, con o sin previo aviso, por cualquier motivo, incluyendo, entre otros, el incumplimiento de este Acuerdo de Usuario. Cualquier sospecha de actividad ilegal, fraudulenta o abusiva podr\u00e1 ser motivo de rescisi\u00f3n de su relaci\u00f3n y podr\u00e1 ser remitida a las autoridades competentes. Tras la suspensi\u00f3n o cancelaci\u00f3n, su derecho a usar los Recursos que proporcionamos cesar\u00e1 de inmediato, y nos reservamos el derecho a eliminar cualquier informaci\u00f3n que tenga registrada, incluyendo su informaci\u00f3n de cuenta o de inicio de sesi\u00f3n.<\/p><p><strong>Ley aplicable<\/strong><\/p><p>Esta aplicaci\u00f3n est\u00e1 controlada por Bart Solutions Limited. Se puede acceder a ella desde la mayor\u00eda de los pa\u00edses del mundo. Al acceder a nuestra aplicaci\u00f3n, usted acepta que las leyes de nuestro estado, sin perjuicio de las normas de conflicto de leyes ni de la Convenci\u00f3n de las Naciones Unidas sobre los Contratos de Compraventa Internacional de Mercader\u00edas, se aplicar\u00e1n a todos los asuntos relacionados con el uso de esta aplicaci\u00f3n y la compra de cualquier producto o servicio a trav\u00e9s de este sitio. Asimismo, cualquier acci\u00f3n para hacer cumplir este Acuerdo de Usuario deber\u00e1 interponerse ante los tribunales federales o estatales. Por la presente, usted acepta la jurisdicci\u00f3n personal de dichos tribunales y renuncia a cualquier objeci\u00f3n de jurisdicci\u00f3n, competencia o foro inconveniente ante dichos tribunales.<\/p><p><strong>Garantizar<\/strong><\/p><p>A MENOS QUE SE EXPRESE LO CONTRARIO, Bart Solutions Limited RENUNCIA EXPRESAMENTE A TODAS LAS GARANT\u00cdAS Y CONDICIONES DE CUALQUIER TIPO, YA SEAN EXPRESAS O IMPL\u00cdCITAS, INCLUIDAS, ENTRE OTRAS, LAS GARANT\u00cdAS Y CONDICIONES IMPL\u00cdCITAS DE COMERCIABILIDAD, IDONEIDAD PARA UN PROP\u00d3SITO PARTICULAR Y NO INFRACCI\u00d3N.<\/p><p><strong>Informaci\u00f3n del contacto<\/strong><\/p><p>Si tiene alguna pregunta o comentario sobre estos T\u00e9rminos de servicio como se describe anteriormente, puede contactarnos a: info@tarotica.ai Bart Solutions Limited<\/p>\t\t\t\t\t\t<\/div>\n\t\t\t\t<\/div>\n\t\t\t\t\t<\/div>\n\t\t<\/div>\n\t\t\t\t\t<\/div>\n\t\t<\/section>\n\t\t\t\t<\/div>","protected":false},"excerpt":{"rendered":"<p>T\u00e9rminos y Condiciones de Tarotica. Introducci\u00f3n. Bienvenido a Tarotica. Esta aplicaci\u00f3n es propiedad de Bart Solutions Limited y est\u00e1 operada por esta. Al visitar nuestra aplicaci\u00f3n y acceder a la informaci\u00f3n, los recursos, los servicios, los productos y las herramientas que ofrecemos, usted comprende y acepta los siguientes t\u00e9rminos y condiciones, tal como se establecen en esta pol\u00edtica (en adelante, [\u2026]<\/p>","protected":false},"author":1,"featured_media":0,"parent":0,"menu_order":0,"comment_status":"closed","ping_status":"closed","template":"","meta":{"_acf_changed":false,"om_disable_all_campaigns":false,"_monsterinsights_skip_tracking":false,"_monsterinsights_sitenote_active":false,"_monsterinsights_sitenote_note":"","_monsterinsights_sitenote_category":0,"_uf_show_specific_survey":0,"_uf_disable_surveys":false,"footnotes":""},"class_list":["post-17862","page","type-page","status-publish","hentry"],"acf":[],"aioseo_notices":[],"_links":{"self":[{"href":"https:\/\/www.tarotica.ai\/es\/wp-json\/wp\/v2\/pages\/17862","targetHints":{"allow":["GET"]}}],"collection":[{"href":"https:\/\/www.tarotica.ai\/es\/wp-json\/wp\/v2\/pages"}],"about":[{"href":"https:\/\/www.tarotica.ai\/es\/wp-json\/wp\/v2\/types\/page"}],"author":[{"embeddable":true,"href":"https:\/\/www.tarotica.ai\/es\/wp-json\/wp\/v2\/users\/1"}],"replies":[{"embeddable":true,"href":"https:\/\/www.tarotica.ai\/es\/wp-json\/wp\/v2\/comments?post=17862"}],"version-history":[{"count":7,"href":"https:\/\/www.tarotica.ai\/es\/wp-json\/wp\/v2\/pages\/17862\/revisions"}],"predecessor-version":[{"id":17870,"href":"https:\/\/www.tarotica.ai\/es\/wp-json\/wp\/v2\/pages\/17862\/revisions\/17870"}],"wp:attachment":[{"href":"https:\/\/www.tarotica.ai\/es\/wp-json\/wp\/v2\/media?parent=17862"}],"curies":[{"name":"wp","href":"https:\/\/api.w.org\/{rel}","templated":true}]}}