{"id":17629,"date":"2024-12-23T14:37:59","date_gmt":"2024-12-23T06:37:59","guid":{"rendered":"https:\/\/www.tarotica.app\/?page_id=17629"},"modified":"2026-01-14T11:33:30","modified_gmt":"2026-01-14T03:33:30","slug":"download-app","status":"publish","type":"page","link":"https:\/\/www.tarotica.ai\/es\/download-app\/","title":{"rendered":"Descargar la aplicaci\u00f3n"},"content":{"rendered":"<div data-elementor-type=\"wp-page\" data-elementor-id=\"17629\" class=\"elementor elementor-17629\">\n\t\t\t\t\t\t<section class=\"elementor-section elementor-top-section elementor-element elementor-element-9e89e44 elementor-section-boxed elementor-section-height-default elementor-section-height-default\" data-id=\"9e89e44\" data-element_type=\"section\">\n\t\t\t\t\t\t<div class=\"elementor-container elementor-column-gap-default\">\n\t\t\t\t\t<div class=\"elementor-column elementor-col-100 elementor-top-column elementor-element elementor-element-e0571b8\" data-id=\"e0571b8\" data-element_type=\"column\">\n\t\t\t<div class=\"elementor-widget-wrap elementor-element-populated\">\n\t\t\t\t\t\t<div class=\"elementor-element elementor-element-742af96 elementor-widget elementor-widget-heading\" data-id=\"742af96\" data-element_type=\"widget\" data-widget_type=\"heading.default\">\n\t\t\t\t<div class=\"elementor-widget-container\">\n\t\t\t<h4 class=\"elementor-heading-title elementor-size-default\">Descubre tu sabidur\u00eda interior con TAROTICA<\/h4>\t\t<\/div>\n\t\t\t\t<\/div>\n\t\t\t\t<div class=\"elementor-element elementor-element-d9b577a elementor-widget__width-initial elementor-widget elementor-widget-text-editor\" data-id=\"d9b577a\" data-element_type=\"widget\" data-widget_type=\"text-editor.default\">\n\t\t\t\t<div class=\"elementor-widget-container\">\n\t\t\t\t\t\t\t<p>Desbloquea el poder de los patrones arquet\u00edpicos y encuentra gu\u00eda para tu camino en la vida con nuestra completa app de Tarot. Descarga TAROTICA hoy mismo y disfruta de lecturas digitales personalizadas, tests reveladores y mucho m\u00e1s. Deja que nuestra app te ayude a navegar tu camino y te brinde claridad para tus desaf\u00edos diarios.<\/p>\t\t\t\t\t\t<\/div>\n\t\t\t\t<\/div>\n\t\t\t\t<div class=\"elementor-element elementor-element-8a6cfb0 elementor-widget elementor-widget-heading\" data-id=\"8a6cfb0\" data-element_type=\"widget\" data-widget_type=\"heading.default\">\n\t\t\t\t<div class=\"elementor-widget-container\">\n\t\t\t<div class=\"elementor-heading-title elementor-size-default\">Alternativamente, puede utilizar Tarotica en la web inmediatamente haciendo clic en el bot\u00f3n a continuaci\u00f3n:<\/div>\t\t<\/div>\n\t\t\t\t<\/div>\n\t\t\t\t<div class=\"elementor-element elementor-element-1bbfcbb elementor-align-center elementor-widget elementor-widget-button\" data-id=\"1bbfcbb\" data-element_type=\"widget\" data-widget_type=\"button.default\">\n\t\t\t\t<div class=\"elementor-widget-container\">\n\t\t\t\t\t\t\t<div class=\"elementor-button-wrapper\">\n\t\t\t\t\t<a class=\"elementor-button elementor-button-link elementor-size-sm\" href=\"https:\/\/start.tarotica.ai\/\">\n\t\t\t\t\t\t<span class=\"elementor-button-content-wrapper\">\n\t\t\t\t\t\t\t\t\t<span class=\"elementor-button-text\"> Haz una pregunta en l\u00ednea<\/span>\n\t\t\t\t\t<\/span>\n\t\t\t\t\t<\/a>\n\t\t\t\t<\/div>\n\t\t\t\t\t\t<\/div>\n\t\t\t\t<\/div>\n\t\t\t\t<section class=\"elementor-section elementor-inner-section elementor-element elementor-element-17cc7d5 elementor-section-boxed elementor-section-height-default elementor-section-height-default\" data-id=\"17cc7d5\" data-element_type=\"section\">\n\t\t\t\t\t\t<div class=\"elementor-container elementor-column-gap-default\">\n\t\t\t\t\t<div class=\"elementor-column elementor-col-50 elementor-inner-column elementor-element elementor-element-f4c8955\" data-id=\"f4c8955\" data-element_type=\"column\">\n\t\t\t<div class=\"elementor-widget-wrap elementor-element-populated\">\n\t\t\t\t\t\t<div class=\"elementor-element elementor-element-b5eec23 desktop-only elementor-hidden-mobile elementor-widget elementor-widget-image\" data-id=\"b5eec23\" data-element_type=\"widget\" data-widget_type=\"image.default\">\n\t\t\t\t<div class=\"elementor-widget-container\">\n\t\t\t\t\t\t\t\t\t\t\t\t\t<img fetchpriority=\"high\" decoding=\"async\" width=\"300\" height=\"271\" src=\"https:\/\/www.tarotica.ai\/wp-content\/uploads\/2025\/04\/code-ios2.jpg\" class=\"attachment-medium size-medium wp-image-18017\" alt=\"\" \/>\t\t\t\t\t\t\t\t\t\t\t\t\t<\/div>\n\t\t\t\t<\/div>\n\t\t\t\t<div class=\"elementor-element elementor-element-0811d8f elementor-widget elementor-widget-image\" data-id=\"0811d8f\" data-element_type=\"widget\" data-widget_type=\"image.default\">\n\t\t\t\t<div class=\"elementor-widget-container\">\n\t\t\t\t\t\t\t\t\t\t\t\t\t\t<a href=\"https:\/\/apps.apple.com\/us\/app\/tarotica-ai\/id6740607740\">\n\t\t\t\t\t\t\t<img decoding=\"async\" width=\"150\" height=\"50\" src=\"https:\/\/www.tarotica.ai\/wp-content\/uploads\/2024\/12\/app-down.png\" class=\"attachment-thumbnail size-thumbnail wp-image-17633\" alt=\"\" \/>\t\t\t\t\t\t\t\t<\/a>\n\t\t\t\t\t\t\t\t\t\t\t\t\t<\/div>\n\t\t\t\t<\/div>\n\t\t\t\t\t<\/div>\n\t\t<\/div>\n\t\t\t\t<div class=\"elementor-column elementor-col-50 elementor-inner-column elementor-element elementor-element-5133ea2\" data-id=\"5133ea2\" data-element_type=\"column\">\n\t\t\t<div class=\"elementor-widget-wrap elementor-element-populated\">\n\t\t\t\t\t\t<div class=\"elementor-element elementor-element-2e3a2b9 desktop-only elementor-hidden-mobile elementor-widget elementor-widget-image\" data-id=\"2e3a2b9\" data-element_type=\"widget\" data-widget_type=\"image.default\">\n\t\t\t\t<div class=\"elementor-widget-container\">\n\t\t\t\t\t\t\t\t\t\t\t\t\t<img decoding=\"async\" width=\"300\" height=\"271\" src=\"https:\/\/www.tarotica.ai\/wp-content\/uploads\/2025\/04\/code-an2.jpg\" class=\"attachment-medium size-medium wp-image-18019\" alt=\"\" \/>\t\t\t\t\t\t\t\t\t\t\t\t\t<\/div>\n\t\t\t\t<\/div>\n\t\t\t\t<div class=\"elementor-element elementor-element-7b08cac elementor-widget elementor-widget-image\" data-id=\"7b08cac\" data-element_type=\"widget\" data-widget_type=\"image.default\">\n\t\t\t\t<div class=\"elementor-widget-container\">\n\t\t\t\t\t\t\t\t\t\t\t\t\t\t<a href=\"https:\/\/play.google.com\/store\/apps\/details?id=ai.tarotica\">\n\t\t\t\t\t\t\t<img loading=\"lazy\" decoding=\"async\" width=\"150\" height=\"45\" src=\"https:\/\/www.tarotica.ai\/wp-content\/uploads\/2025\/01\/8afe0.png\" class=\"attachment-thumbnail size-thumbnail wp-image-17916\" alt=\"\" \/>\t\t\t\t\t\t\t\t<\/a>\n\t\t\t\t\t\t\t\t\t\t\t\t\t<\/div>\n\t\t\t\t<\/div>\n\t\t\t\t\t<\/div>\n\t\t<\/div>\n\t\t\t\t\t<\/div>\n\t\t<\/section>\n\t\t\t\t<div class=\"elementor-element elementor-element-51a855d elementor-widget elementor-widget-image\" data-id=\"51a855d\" data-element_type=\"widget\" data-widget_type=\"image.default\">\n\t\t\t\t<div class=\"elementor-widget-container\">\n\t\t\t\t\t\t\t\t\t\t\t\t\t<img loading=\"lazy\" decoding=\"async\" width=\"1024\" height=\"597\" src=\"https:\/\/www.tarotica.ai\/wp-content\/uploads\/2025\/02\/vxgs.png\" class=\"attachment-large size-large wp-image-17943\" alt=\"\" \/>\t\t\t\t\t\t\t\t\t\t\t\t\t<\/div>\n\t\t\t\t<\/div>\n\t\t\t\t<div class=\"elementor-element elementor-element-5da324e elementor-widget elementor-widget-image\" data-id=\"5da324e\" data-element_type=\"widget\" data-widget_type=\"image.default\">\n\t\t\t\t<div class=\"elementor-widget-container\">\n\t\t\t\t\t\t\t\t\t\t\t\t\t<img decoding=\"async\" src=\"https:\/\/www.tarotica.ai\/wp-content\/uploads\/2025\/04\/xdsc.png\" title=\"\" alt=\"\" loading=\"lazy\" \/>\t\t\t\t\t\t\t\t\t\t\t\t\t<\/div>\n\t\t\t\t<\/div>\n\t\t\t\t<div class=\"elementor-element elementor-element-190d7fc elementor-widget elementor-widget-spacer\" data-id=\"190d7fc\" data-element_type=\"widget\" data-widget_type=\"spacer.default\">\n\t\t\t\t<div class=\"elementor-widget-container\">\n\t\t\t\t\t<div class=\"elementor-spacer\">\n\t\t\t<div class=\"elementor-spacer-inner\"><\/div>\n\t\t<\/div>\n\t\t\t\t<\/div>\n\t\t\t\t<\/div>\n\t\t\t\t\t<\/div>\n\t\t<\/div>\n\t\t\t\t\t<\/div>\n\t\t<\/section>\n\t\t\t\t<section class=\"elementor-section elementor-top-section elementor-element elementor-element-b72a984 elementor-section-boxed elementor-section-height-default elementor-section-height-default\" data-id=\"b72a984\" data-element_type=\"section\">\n\t\t\t\t\t\t<div class=\"elementor-container elementor-column-gap-default\">\n\t\t\t\t\t<div class=\"elementor-column elementor-col-100 elementor-top-column elementor-element elementor-element-323cf20\" data-id=\"323cf20\" data-element_type=\"column\">\n\t\t\t<div class=\"elementor-widget-wrap elementor-element-populated\">\n\t\t\t\t\t\t<section class=\"elementor-section elementor-inner-section elementor-element elementor-element-9a433d1 elementor-section-boxed elementor-section-height-default elementor-section-height-default\" data-id=\"9a433d1\" data-element_type=\"section\">\n\t\t\t\t\t\t<div class=\"elementor-container elementor-column-gap-default\">\n\t\t\t\t\t<div class=\"elementor-column elementor-col-50 elementor-inner-column elementor-element elementor-element-0e74376\" data-id=\"0e74376\" data-element_type=\"column\">\n\t\t\t<div class=\"elementor-widget-wrap elementor-element-populated\">\n\t\t\t\t\t\t<div class=\"elementor-element elementor-element-95fceef elementor-widget elementor-widget-image\" data-id=\"95fceef\" data-element_type=\"widget\" data-widget_type=\"image.default\">\n\t\t\t\t<div class=\"elementor-widget-container\">\n\t\t\t\t\t\t\t\t\t\t\t\t\t<img loading=\"lazy\" decoding=\"async\" width=\"744\" height=\"600\" src=\"https:\/\/www.tarotica.ai\/wp-content\/uploads\/2024\/12\/36cnj.png\" class=\"attachment-large size-large wp-image-17649\" alt=\"\" \/>\t\t\t\t\t\t\t\t\t\t\t\t\t<\/div>\n\t\t\t\t<\/div>\n\t\t\t\t\t<\/div>\n\t\t<\/div>\n\t\t\t\t<div class=\"elementor-column elementor-col-50 elementor-inner-column elementor-element elementor-element-7a2aea1\" data-id=\"7a2aea1\" data-element_type=\"column\">\n\t\t\t<div class=\"elementor-widget-wrap elementor-element-populated\">\n\t\t\t\t\t\t<div class=\"elementor-element elementor-element-7a3a00e elementor-widget elementor-widget-heading\" data-id=\"7a3a00e\" data-element_type=\"widget\" data-widget_type=\"heading.default\">\n\t\t\t\t<div class=\"elementor-widget-container\">\n\t\t\t<h4 class=\"elementor-heading-title elementor-size-default\">La fortuna de hoy \u00b7 Gu\u00eda de tarot gratuita<\/h4>\t\t<\/div>\n\t\t\t\t<\/div>\n\t\t\t\t<div class=\"elementor-element elementor-element-10c18d7 elementor-widget elementor-widget-spacer\" data-id=\"10c18d7\" data-element_type=\"widget\" data-widget_type=\"spacer.default\">\n\t\t\t\t<div class=\"elementor-widget-container\">\n\t\t\t\t\t<div class=\"elementor-spacer\">\n\t\t\t<div class=\"elementor-spacer-inner\"><\/div>\n\t\t<\/div>\n\t\t\t\t<\/div>\n\t\t\t\t<\/div>\n\t\t\t\t<div class=\"elementor-element elementor-element-71a77c8 elementor-widget__width-initial elementor-widget elementor-widget-text-editor\" data-id=\"71a77c8\" data-element_type=\"widget\" data-widget_type=\"text-editor.default\">\n\t\t\t\t<div class=\"elementor-widget-container\">\n\t\t\t\t\t\t\t<p>\u00a1Empieza el d\u00eda con claridad e inspiraci\u00f3n! Nuestra secci\u00f3n &quot;La Fortuna de Hoy&quot; te ofrece una lectura de tarot diaria gratuita, dise\u00f1ada para iluminar las oportunidades y los desaf\u00edos que te esperan. Sin costo, cada ma\u00f1ana recibir\u00e1s:<\/p><p>Perspectiva personalizada del tarot<br \/>Una carta \u00fanica elaborada en base a la energ\u00eda c\u00f3smica del d\u00eda, que revela mensajes resonantes para el viaje de tu vida.<br \/>Interpretaci\u00f3n detallada y consejos pr\u00e1cticos<br \/>Descubra el simbolismo de la tarjeta, los temas clave y los pasos pr\u00e1cticos para afrontar su d\u00eda con confianza.<\/p><p><br \/>Ya sea que busque motivaci\u00f3n, tranquilidad o una nueva perspectiva, \u201cLa fortuna de hoy\u201d es su compa\u00f1ero espiritual gratuito, que lo guiar\u00e1 diariamente hacia el crecimiento y la atenci\u00f3n plena.<\/p>\t\t\t\t\t\t<\/div>\n\t\t\t\t<\/div>\n\t\t\t\t\t<\/div>\n\t\t<\/div>\n\t\t\t\t\t<\/div>\n\t\t<\/section>\n\t\t\t\t<div class=\"elementor-element elementor-element-5fc3cf3 elementor-widget elementor-widget-spacer\" data-id=\"5fc3cf3\" data-element_type=\"widget\" data-widget_type=\"spacer.default\">\n\t\t\t\t<div class=\"elementor-widget-container\">\n\t\t\t\t\t<div class=\"elementor-spacer\">\n\t\t\t<div class=\"elementor-spacer-inner\"><\/div>\n\t\t<\/div>\n\t\t\t\t<\/div>\n\t\t\t\t<\/div>\n\t\t\t\t\t<\/div>\n\t\t<\/div>\n\t\t\t\t\t<\/div>\n\t\t<\/section>\n\t\t\t\t<section class=\"elementor-section elementor-top-section elementor-element elementor-element-b447b2f elementor-section-boxed elementor-section-height-default elementor-section-height-default\" data-id=\"b447b2f\" data-element_type=\"section\">\n\t\t\t\t\t\t<div class=\"elementor-container elementor-column-gap-default\">\n\t\t\t\t\t<div class=\"elementor-column elementor-col-100 elementor-top-column elementor-element elementor-element-84783a0\" data-id=\"84783a0\" data-element_type=\"column\">\n\t\t\t<div class=\"elementor-widget-wrap elementor-element-populated\">\n\t\t\t\t\t\t<section class=\"elementor-section elementor-inner-section elementor-element elementor-element-f7aacf8 elementor-section-boxed elementor-section-height-default elementor-section-height-default\" data-id=\"f7aacf8\" data-element_type=\"section\">\n\t\t\t\t\t\t<div class=\"elementor-container elementor-column-gap-default\">\n\t\t\t\t\t<div class=\"elementor-column elementor-col-50 elementor-inner-column elementor-element elementor-element-e28fdf2\" data-id=\"e28fdf2\" data-element_type=\"column\">\n\t\t\t<div class=\"elementor-widget-wrap elementor-element-populated\">\n\t\t\t\t\t\t<div class=\"elementor-element elementor-element-34c3a45 elementor-widget elementor-widget-heading\" data-id=\"34c3a45\" data-element_type=\"widget\" data-widget_type=\"heading.default\">\n\t\t\t\t<div class=\"elementor-widget-container\">\n\t\t\t<h4 class=\"elementor-heading-title elementor-size-default\">Juego de tres cartas: pasado, presente y futuro<\/h4>\t\t<\/div>\n\t\t\t\t<\/div>\n\t\t\t\t<div class=\"elementor-element elementor-element-4845acd elementor-widget elementor-widget-spacer\" data-id=\"4845acd\" data-element_type=\"widget\" data-widget_type=\"spacer.default\">\n\t\t\t\t<div class=\"elementor-widget-container\">\n\t\t\t\t\t<div class=\"elementor-spacer\">\n\t\t\t<div class=\"elementor-spacer-inner\"><\/div>\n\t\t<\/div>\n\t\t\t\t<\/div>\n\t\t\t\t<\/div>\n\t\t\t\t<div class=\"elementor-element elementor-element-ac12a9a elementor-widget__width-initial elementor-widget elementor-widget-text-editor\" data-id=\"ac12a9a\" data-element_type=\"widget\" data-widget_type=\"text-editor.default\">\n\t\t\t\t<div class=\"elementor-widget-container\">\n\t\t\t\t\t\t\t<p>Obtenga informaci\u00f3n sobre el viaje de su vida con nuestra funci\u00f3n Three-Card Draw:<\/p><ul><li><strong>Pasado <\/strong>: Revela los acontecimientos e influencias que han dado forma a tu situaci\u00f3n actual.<\/li><li><strong>Presente <\/strong>:Refleja tu estado actual y las energ\u00edas en juego en tu vida en este momento.<\/li><li><strong>Futuro <\/strong>:Ofrece una visi\u00f3n de los posibles resultados y caminos a seguir.<\/li><\/ul><p>Roba tres cartas para comprender tu pasado, navegar tu presente y prepararte para tu futuro.<\/p><div class=\"my-2\">\u00a0<\/div>\t\t\t\t\t\t<\/div>\n\t\t\t\t<\/div>\n\t\t\t\t\t<\/div>\n\t\t<\/div>\n\t\t\t\t<div class=\"elementor-column elementor-col-50 elementor-inner-column elementor-element elementor-element-103d9bf\" data-id=\"103d9bf\" data-element_type=\"column\">\n\t\t\t<div class=\"elementor-widget-wrap elementor-element-populated\">\n\t\t\t\t\t\t<div class=\"elementor-element elementor-element-0b90ec3 elementor-widget elementor-widget-image\" data-id=\"0b90ec3\" data-element_type=\"widget\" data-widget_type=\"image.default\">\n\t\t\t\t<div class=\"elementor-widget-container\">\n\t\t\t\t\t\t\t\t\t\t\t\t\t<img loading=\"lazy\" decoding=\"async\" width=\"861\" height=\"600\" src=\"https:\/\/www.tarotica.ai\/wp-content\/uploads\/2024\/12\/nkdn.png\" class=\"attachment-large size-large wp-image-17653\" alt=\"\" \/>\t\t\t\t\t\t\t\t\t\t\t\t\t<\/div>\n\t\t\t\t<\/div>\n\t\t\t\t\t<\/div>\n\t\t<\/div>\n\t\t\t\t\t<\/div>\n\t\t<\/section>\n\t\t\t\t<div class=\"elementor-element elementor-element-abdd3b4 elementor-widget elementor-widget-spacer\" data-id=\"abdd3b4\" data-element_type=\"widget\" data-widget_type=\"spacer.default\">\n\t\t\t\t<div class=\"elementor-widget-container\">\n\t\t\t\t\t<div class=\"elementor-spacer\">\n\t\t\t<div class=\"elementor-spacer-inner\"><\/div>\n\t\t<\/div>\n\t\t\t\t<\/div>\n\t\t\t\t<\/div>\n\t\t\t\t\t<\/div>\n\t\t<\/div>\n\t\t\t\t\t<\/div>\n\t\t<\/section>\n\t\t\t\t<section class=\"elementor-section elementor-top-section elementor-element elementor-element-40eb20f elementor-section-boxed elementor-section-height-default elementor-section-height-default\" data-id=\"40eb20f\" data-element_type=\"section\">\n\t\t\t\t\t\t<div class=\"elementor-container elementor-column-gap-default\">\n\t\t\t\t\t<div class=\"elementor-column elementor-col-100 elementor-top-column elementor-element elementor-element-653002f\" data-id=\"653002f\" data-element_type=\"column\">\n\t\t\t<div class=\"elementor-widget-wrap elementor-element-populated\">\n\t\t\t\t\t\t<section class=\"elementor-section elementor-inner-section elementor-element elementor-element-4e0a22d elementor-section-boxed elementor-section-height-default elementor-section-height-default\" data-id=\"4e0a22d\" data-element_type=\"section\">\n\t\t\t\t\t\t<div class=\"elementor-container elementor-column-gap-default\">\n\t\t\t\t\t<div class=\"elementor-column elementor-col-50 elementor-inner-column elementor-element elementor-element-8c2cc14\" data-id=\"8c2cc14\" data-element_type=\"column\">\n\t\t\t<div class=\"elementor-widget-wrap elementor-element-populated\">\n\t\t\t\t\t\t<div class=\"elementor-element elementor-element-de27163 elementor-widget elementor-widget-image\" data-id=\"de27163\" data-element_type=\"widget\" data-widget_type=\"image.default\">\n\t\t\t\t<div class=\"elementor-widget-container\">\n\t\t\t\t\t\t\t\t\t\t\t\t\t<img loading=\"lazy\" decoding=\"async\" width=\"441\" height=\"600\" src=\"https:\/\/www.tarotica.ai\/wp-content\/uploads\/2024\/12\/fgrtg-1.png\" class=\"attachment-large size-large wp-image-17656\" alt=\"\" \/>\t\t\t\t\t\t\t\t\t\t\t\t\t<\/div>\n\t\t\t\t<\/div>\n\t\t\t\t\t<\/div>\n\t\t<\/div>\n\t\t\t\t<div class=\"elementor-column elementor-col-50 elementor-inner-column elementor-element elementor-element-a5372de\" data-id=\"a5372de\" data-element_type=\"column\">\n\t\t\t<div class=\"elementor-widget-wrap elementor-element-populated\">\n\t\t\t\t\t\t<div class=\"elementor-element elementor-element-e511f93 elementor-widget elementor-widget-heading\" data-id=\"e511f93\" data-element_type=\"widget\" data-widget_type=\"heading.default\">\n\t\t\t\t<div class=\"elementor-widget-container\">\n\t\t\t<h4 class=\"elementor-heading-title elementor-size-default\">Historia de la lectura<\/h4>\t\t<\/div>\n\t\t\t\t<\/div>\n\t\t\t\t<div class=\"elementor-element elementor-element-d7c4992 elementor-widget elementor-widget-spacer\" data-id=\"d7c4992\" data-element_type=\"widget\" data-widget_type=\"spacer.default\">\n\t\t\t\t<div class=\"elementor-widget-container\">\n\t\t\t\t\t<div class=\"elementor-spacer\">\n\t\t\t<div class=\"elementor-spacer-inner\"><\/div>\n\t\t<\/div>\n\t\t\t\t<\/div>\n\t\t\t\t<\/div>\n\t\t\t\t<div class=\"elementor-element elementor-element-d75a992 elementor-widget__width-initial elementor-widget elementor-widget-text-editor\" data-id=\"d75a992\" data-element_type=\"widget\" data-widget_type=\"text-editor.default\">\n\t\t\t\t<div class=\"elementor-widget-container\">\n\t\t\t\t\t\t\t<p>Mantenemos un registro de cada lectura de tarot que realizas. Esta funci\u00f3n te permite:<\/p><ul><li><strong>Revisar lecturas pasadas <\/strong>:Accede y revisa f\u00e1cilmente los resultados de tus sesiones de tarot anteriores.<\/li><li><strong>Seguimiento del progreso <\/strong>:Supervise c\u00f3mo han evolucionado sus conocimientos y predicciones a lo largo del tiempo.<\/li><li><strong>Obtenga informaci\u00f3n m\u00e1s profunda <\/strong>:Utilice lecturas pasadas para obtener una comprensi\u00f3n m\u00e1s completa del recorrido de su vida y de los patrones que influyen en sus decisiones.<\/li><\/ul><p>Con nuestro Historial de Lectura, podr\u00e1s reflexionar sobre tu camino espiritual y tomar decisiones m\u00e1s informadas para el futuro.<\/p><div class=\"my-2\">\u00a0<\/div>\t\t\t\t\t\t<\/div>\n\t\t\t\t<\/div>\n\t\t\t\t\t<\/div>\n\t\t<\/div>\n\t\t\t\t\t<\/div>\n\t\t<\/section>\n\t\t\t\t<div class=\"elementor-element elementor-element-59f2ecc elementor-widget elementor-widget-spacer\" data-id=\"59f2ecc\" data-element_type=\"widget\" data-widget_type=\"spacer.default\">\n\t\t\t\t<div class=\"elementor-widget-container\">\n\t\t\t\t\t<div class=\"elementor-spacer\">\n\t\t\t<div class=\"elementor-spacer-inner\"><\/div>\n\t\t<\/div>\n\t\t\t\t<\/div>\n\t\t\t\t<\/div>\n\t\t\t\t<section class=\"elementor-section elementor-inner-section elementor-element elementor-element-94483f6 elementor-section-full_width elementor-section-height-default elementor-section-height-default\" data-id=\"94483f6\" data-element_type=\"section\" data-settings=\"{&quot;background_background&quot;:&quot;slideshow&quot;,&quot;background_slideshow_gallery&quot;:[{&quot;id&quot;:17685,&quot;url&quot;:&quot;https:\\\/\\\/www.tarotica.app\\\/wp-content\\\/uploads\\\/2024\\\/12\\\/vsvy.png&quot;}],&quot;background_slideshow_loop&quot;:&quot;yes&quot;,&quot;background_slideshow_slide_duration&quot;:5000,&quot;background_slideshow_slide_transition&quot;:&quot;fade&quot;,&quot;background_slideshow_transition_duration&quot;:500}\">\n\t\t\t\t\t\t<div class=\"elementor-container elementor-column-gap-default\">\n\t\t\t\t\t<div class=\"elementor-column elementor-col-100 elementor-inner-column elementor-element elementor-element-dfbe425\" data-id=\"dfbe425\" data-element_type=\"column\">\n\t\t\t<div class=\"elementor-widget-wrap elementor-element-populated\">\n\t\t\t\t\t\t<div class=\"elementor-element elementor-element-22348f9 elementor-widget elementor-widget-heading\" data-id=\"22348f9\" data-element_type=\"widget\" data-widget_type=\"heading.default\">\n\t\t\t\t<div class=\"elementor-widget-container\">\n\t\t\t<h1 class=\"elementor-heading-title elementor-size-default\">Descargar Tarotica<\/h1>\t\t<\/div>\n\t\t\t\t<\/div>\n\t\t\t\t<div class=\"elementor-element elementor-element-db2cd96 elementor-widget elementor-widget-spacer\" data-id=\"db2cd96\" data-element_type=\"widget\" data-widget_type=\"spacer.default\">\n\t\t\t\t<div class=\"elementor-widget-container\">\n\t\t\t\t\t<div class=\"elementor-spacer\">\n\t\t\t<div class=\"elementor-spacer-inner\"><\/div>\n\t\t<\/div>\n\t\t\t\t<\/div>\n\t\t\t\t<\/div>\n\t\t\t\t\t<\/div>\n\t\t<\/div>\n\t\t\t\t\t<\/div>\n\t\t<\/section>\n\t\t\t\t\t<\/div>\n\t\t<\/div>\n\t\t\t\t\t<\/div>\n\t\t<\/section>\n\t\t\t\t<\/div>","protected":false},"excerpt":{"rendered":"<p>Descubre tu sabidur\u00eda interior con TAROTICA. Desbloquea el poder de los patrones arquet\u00edpicos y obt\u00e9n gu\u00eda para tu camino vital con nuestra completa app de Tarot. Descarga TAROTICA hoy mismo y disfruta de lecturas digitales personalizadas, cuestionarios reveladores y mucho m\u00e1s. Deja que nuestra app te ayude a navegar tu camino y te brinde claridad para tus desaf\u00edos diarios. Tambi\u00e9n puedes usar [\u2026]<\/p>","protected":false},"author":1,"featured_media":0,"parent":0,"menu_order":0,"comment_status":"closed","ping_status":"closed","template":"","meta":{"_acf_changed":false,"om_disable_all_campaigns":false,"_monsterinsights_skip_tracking":false,"_monsterinsights_sitenote_active":false,"_monsterinsights_sitenote_note":"","_monsterinsights_sitenote_category":0,"_uf_show_specific_survey":0,"_uf_disable_surveys":false,"footnotes":""},"class_list":["post-17629","page","type-page","status-publish","hentry"],"acf":[],"aioseo_notices":[],"_links":{"self":[{"href":"https:\/\/www.tarotica.ai\/es\/wp-json\/wp\/v2\/pages\/17629","targetHints":{"allow":["GET"]}}],"collection":[{"href":"https:\/\/www.tarotica.ai\/es\/wp-json\/wp\/v2\/pages"}],"about":[{"href":"https:\/\/www.tarotica.ai\/es\/wp-json\/wp\/v2\/types\/page"}],"author":[{"embeddable":true,"href":"https:\/\/www.tarotica.ai\/es\/wp-json\/wp\/v2\/users\/1"}],"replies":[{"embeddable":true,"href":"https:\/\/www.tarotica.ai\/es\/wp-json\/wp\/v2\/comments?post=17629"}],"version-history":[{"count":134,"href":"https:\/\/www.tarotica.ai\/es\/wp-json\/wp\/v2\/pages\/17629\/revisions"}],"predecessor-version":[{"id":18798,"href":"https:\/\/www.tarotica.ai\/es\/wp-json\/wp\/v2\/pages\/17629\/revisions\/18798"}],"wp:attachment":[{"href":"https:\/\/www.tarotica.ai\/es\/wp-json\/wp\/v2\/media?parent=17629"}],"curies":[{"name":"wp","href":"https:\/\/api.w.org\/{rel}","templated":true}]}}