{"id":17862,"date":"2025-01-14T14:05:09","date_gmt":"2025-01-14T06:05:09","guid":{"rendered":"https:\/\/www.tarotica.ai\/?page_id=17862"},"modified":"2025-01-14T14:14:53","modified_gmt":"2025-01-14T06:14:53","slug":"terms","status":"publish","type":"page","link":"https:\/\/www.tarotica.ai\/de\/terms\/","title":{"rendered":"Bedingungen"},"content":{"rendered":"<div data-elementor-type=\"wp-page\" data-elementor-id=\"17862\" class=\"elementor elementor-17862\">\n\t\t\t\t\t\t<section class=\"elementor-section elementor-top-section elementor-element elementor-element-d5111c9 elementor-section-boxed elementor-section-height-default elementor-section-height-default\" data-id=\"d5111c9\" data-element_type=\"section\">\n\t\t\t\t\t\t<div class=\"elementor-container elementor-column-gap-default\">\n\t\t\t\t\t<div class=\"elementor-column elementor-col-100 elementor-top-column elementor-element elementor-element-9c32bfa\" data-id=\"9c32bfa\" data-element_type=\"column\">\n\t\t\t<div class=\"elementor-widget-wrap elementor-element-populated\">\n\t\t\t\t\t\t<div class=\"elementor-element elementor-element-1c88a84 elementor-widget elementor-widget-heading\" data-id=\"1c88a84\" data-element_type=\"widget\" data-widget_type=\"heading.default\">\n\t\t\t\t<div class=\"elementor-widget-container\">\n\t\t\t<h2 class=\"elementor-heading-title elementor-size-default\">Tarotica Allgemeine Gesch\u00e4ftsbedingungen<\/h2>\t\t<\/div>\n\t\t\t\t<\/div>\n\t\t\t\t\t<\/div>\n\t\t<\/div>\n\t\t\t\t\t<\/div>\n\t\t<\/section>\n\t\t\t\t<section class=\"elementor-section elementor-top-section elementor-element elementor-element-2d8bf95 elementor-section-boxed elementor-section-height-default elementor-section-height-default\" data-id=\"2d8bf95\" data-element_type=\"section\">\n\t\t\t\t\t\t<div class=\"elementor-container elementor-column-gap-default\">\n\t\t\t\t\t<div class=\"elementor-column elementor-col-100 elementor-top-column elementor-element elementor-element-a458ffc\" data-id=\"a458ffc\" data-element_type=\"column\">\n\t\t\t<div class=\"elementor-widget-wrap elementor-element-populated\">\n\t\t\t\t\t\t<div class=\"elementor-element elementor-element-ed0787d elementor-widget elementor-widget-text-editor\" data-id=\"ed0787d\" data-element_type=\"widget\" data-widget_type=\"text-editor.default\">\n\t\t\t\t<div class=\"elementor-widget-container\">\n\t\t\t\t\t\t\t<p><strong>Einf\u00fchrung<\/strong><\/p><p>Willkommen bei Tarotica. Diese App ist Eigentum von Bart Solutions Limited und wird von dieser betrieben. Indem Sie unsere App besuchen und auf die von uns bereitgestellten Informationen, Ressourcen, Dienste, Produkte und Tools zugreifen, akzeptieren Sie die folgenden Bedingungen dieser Richtlinie (nachfolgend \u201eNutzungsbedingungen\u201c). Diese Vereinbarung tritt am 7. Februar 2018 in Kraft. Wir behalten uns das Recht vor, diese Nutzungsbedingungen von Zeit zu Zeit ohne vorherige Ank\u00fcndigung zu \u00e4ndern. Sie erkennen an und stimmen zu, dass es in Ihrer Verantwortung liegt, diese Nutzungsbedingungen regelm\u00e4\u00dfig zu \u00fcberpr\u00fcfen, um sich \u00fcber \u00c4nderungen informiert zu halten. Ihre fortgesetzte Nutzung dieser Website nach solchen \u00c4nderungen gilt als Anerkennung und Zustimmung zu den ge\u00e4nderten Bedingungen.<\/p><p><strong>Verantwortungsvoller Umgang und verantwortungsvolles Verhalten<\/strong><\/p><p>Indem Sie unsere App besuchen und auf die Informationen, Ressourcen, Dienste, Produkte und Tools zugreifen, die wir Ihnen direkt oder indirekt zur Verf\u00fcgung stellen (nachfolgend \u201eRessourcen\u201c genannt), erkl\u00e4ren Sie sich damit einverstanden, diese Ressourcen nur f\u00fcr die vorgesehenen Zwecke zu verwenden, wie von<\/p><p>(a) die Bedingungen dieser Benutzervereinbarung und<\/p><p>(b) geltende Gesetze, Vorschriften und allgemein anerkannte Online-Praktiken oder -Richtlinien. Sie verstehen, dass: a. Um auf unsere Ressourcen zugreifen zu k\u00f6nnen, m\u00fcssen Sie im Rahmen des Registrierungsprozesses oder im Rahmen Ihrer Nutzung der Ressourcen m\u00f6glicherweise bestimmte pers\u00f6nliche Informationen (wie Identifikations- und Kontaktdaten usw.) angeben. Sie erkl\u00e4ren sich damit einverstanden, dass alle von Ihnen bereitgestellten Informationen stets genau, richtig und aktuell sind.<\/p><p>b. Sie sind f\u00fcr die Wahrung der Vertraulichkeit aller Anmeldeinformationen verantwortlich, die mit Ihrem Konto verkn\u00fcpft sind, mit dem Sie auf unsere Ressourcen zugreifen. Dementsprechend sind Sie f\u00fcr alle Aktivit\u00e4ten verantwortlich, die \u00fcber Ihr\/e Konto\/Konten stattfinden.<\/p><p>c. Der Zugriff (oder der Versuch des Zugriffs) auf unsere Ressourcen auf andere als die von uns bereitgestellten Mittel ist strengstens untersagt. Sie erkl\u00e4ren sich ausdr\u00fccklich damit einverstanden, nicht auf automatisierte, unethische oder unkonventionelle Weise auf unsere Ressourcen zuzugreifen (oder den Versuch des Zugriffs darauf zu unternehmen).<\/p><p>d. Jegliche Aktivit\u00e4t, die unsere Ressourcen, einschlie\u00dflich der Server und\/oder Netzwerke, auf denen sich unsere Ressourcen befinden oder mit denen sie verbunden sind, st\u00f6rt oder beeintr\u00e4chtigt, ist strengstens untersagt.<\/p><p>e. Der Versuch, unsere Ressourcen zu kopieren, zu duplizieren, zu reproduzieren, zu verkaufen, zu tauschen oder weiterzuverkaufen, ist strengstens untersagt.<\/p><p>f. Sie tragen die alleinige Verantwortung f\u00fcr alle Folgen, Verluste oder Sch\u00e4den, die uns aufgrund von von Ihnen durchgef\u00fchrten, nicht autorisierten Aktivit\u00e4ten, wie oben erl\u00e4utert, direkt oder indirekt entstehen oder die wir erleiden, und k\u00f6nnen straf- oder zivilrechtlich haftbar gemacht werden.<\/p><p>g. Wir k\u00f6nnen in unserer App verschiedene offene Kommunikationstools bereitstellen, wie z. B. Blog-Kommentare, Blog-Beitr\u00e4ge, \u00f6ffentliche Chats, Foren, Message Boards, Newsgroups, Produktbewertungen und -rezensionen, verschiedene Social-Media-Dienste usw.<\/p><p>Sie verstehen, dass wir die von den Benutzern dieser verschiedenen Kommunikationstools geposteten Inhalte im Allgemeinen nicht vorab pr\u00fcfen oder \u00fcberwachen. Das bedeutet, dass es in Ihrer pers\u00f6nlichen Verantwortung liegt, diese Tools auf verantwortungsvolle und ethische Weise zu verwenden, wenn Sie sich daf\u00fcr entscheiden, diese Tools zu verwenden, um Inhalte jeglicher Art an unsere App zu \u00fcbermitteln.<\/p><p>Indem Sie Informationen ver\u00f6ffentlichen oder die genannten offenen Kommunikationstools anderweitig verwenden, erkl\u00e4ren Sie sich damit einverstanden, dass Sie keine Inhalte hochladen, ver\u00f6ffentlichen, teilen oder anderweitig verbreiten, die:<\/p><p>i. illegal, bedrohlich, diffamierend, beleidigend, bel\u00e4stigend, erniedrigend, einsch\u00fcchternd, betr\u00fcgerisch, irref\u00fchrend, invasiv oder rassistisch ist oder anz\u00fcgliche, unangemessene oder explizite Sprache jeglicher Art enth\u00e4lt;<\/p><p>ii. Marken, Patente, Gesch\u00e4ftsgeheimnisse, Urheberrechte oder andere Eigentumsrechte einer Partei verletzt;<br \/>iii. Enth\u00e4lt jegliche Art von nicht autorisierter oder unerw\u00fcnschter Werbung;<br \/>iv. sich als eine andere Person oder Organisation ausgibt, einschlie\u00dflich <a href=\"http:\/\/www.tarotica.ai\/de\/\" target=\"_blank\" rel=\"nofollow noopener\">www.tarotica.ai <\/a>Mitarbeiter oder Vertreter.<\/p><div class=\"my-2\">\u00a0<\/div><p>Wir sind berechtigt, nach eigenem Ermessen Inhalte zu entfernen, die unserer Ansicht nach gegen diese Nutzungsbedingungen versto\u00dfen, sowie Inhalte, die unserer Ansicht nach anderweitig anst\u00f6\u00dfig, sch\u00e4dlich, anst\u00f6\u00dfig oder ungenau sind oder Urheberrechte oder Marken Dritter verletzen. Wir haften nicht f\u00fcr Verz\u00f6gerungen oder das Vers\u00e4umnis, solche Inhalte zu entfernen. Wenn Sie Inhalte ver\u00f6ffentlichen, die wir entfernen, stimmen Sie der Entfernung zu und verzichten auf jegliche Anspr\u00fcche gegen uns.<\/p><p>h. Wir \u00fcbernehmen keine Haftung f\u00fcr Inhalte, die von Ihnen oder anderen Drittnutzern unserer App gepostet werden. Inhalte, die Sie \u00fcber offene Kommunikationstools unserer App posten, gehen jedoch in das Eigentum von Bart Solutions Limited \u00fcber, sofern sie keine Urheberrechte oder Marken Dritter verletzen. Bart Solutions Limited erteilt uns damit eine unbefristete, unwiderrufliche, weltweite, geb\u00fchrenfreie und exklusive Lizenz zur Vervielf\u00e4ltigung, \u00c4nderung, Anpassung, \u00dcbersetzung, Ver\u00f6ffentlichung, \u00f6ffentlichen Anzeige und\/oder Verbreitung nach eigenem Ermessen. Dies bezieht sich nur auf Inhalte, die wie beschrieben \u00fcber offene Kommunikationstools gepostet werden, und nicht auf Informationen, die im Rahmen des Registrierungsprozesses bereitgestellt werden, der f\u00fcr die Nutzung unserer Ressourcen erforderlich ist.<\/p><p>Sie erkl\u00e4ren sich damit einverstanden, Bart Solutions Limited und deren Muttergesellschaft und verbundene Unternehmen sowie deren Direktoren, leitenden Angestellten, Manager, Mitarbeiter, Spender, Vertreter und Lizenzgeber von allen Verlusten, Ausgaben, Sch\u00e4den und Kosten, einschlie\u00dflich angemessener Anwaltskosten, freizustellen und schadlos zu halten, die aus einer Verletzung dieser Nutzungsvereinbarung oder der Nichterf\u00fcllung von Verpflichtungen in Bezug auf Ihr Konto durch Sie oder eine andere Person, die Ihr Konto nutzt, entstehen. Wir behalten uns das Recht vor, die ausschlie\u00dfliche Verteidigung gegen alle Anspr\u00fcche zu \u00fcbernehmen, f\u00fcr die wir gem\u00e4\u00df dieser Nutzungsvereinbarung Anspruch auf Entsch\u00e4digung haben. In diesem Fall verpflichten Sie sich, uns im Rahmen des von uns zumutbaren Aufwands zu unterst\u00fctzen.<\/p><p><strong>Garantiebeschr\u00e4nkungen<\/strong><\/p><p>Durch die Nutzung unserer App verstehen und akzeptieren Sie, dass alle von uns bereitgestellten Ressourcen \u201ewie besehen\u201c und \u201ewie verf\u00fcgbar\u201c bereitgestellt werden. Dies bedeutet, dass wir Ihnen gegen\u00fcber weder zusichern noch garantieren, dass:<br \/>i) die Nutzung unserer Ressourcen Ihren Bed\u00fcrfnissen oder Anforderungen entspricht.<br \/>ii) die Nutzung unserer Ressourcen ununterbrochen, zeitnah, sicher oder fehlerfrei erfolgt.<br \/>iii) die durch die Nutzung unserer Ressourcen erhaltenen Informationen genau oder zuverl\u00e4ssig sind und<br \/>iv) alle M\u00e4ngel im Betrieb oder in der Funktionalit\u00e4t der von uns bereitgestellten Ressourcen werden repariert oder behoben.<\/p><div class=\"my-2\">\u00a0<\/div><p>Dar\u00fcber hinaus verstehen und akzeptieren Sie Folgendes: v) Das Herunterladen oder anderweitige Erhalten von Inhalten durch die Verwendung unserer Ressourcen erfolgt nach Ihrem eigenen Ermessen und auf Ihr eigenes Risiko und Sie tragen die alleinige Verantwortung f\u00fcr Sch\u00e4den an Ihrem Computer oder anderen Ger\u00e4ten sowie f\u00fcr etwaige Datenverluste, die durch das Herunterladen solcher Inhalte entstehen k\u00f6nnen.<br \/>vi) Keine Informationen oder Ratschl\u00e4ge, ob ausdr\u00fccklich, implizit, m\u00fcndlich oder schriftlich, die Sie von Bart Solutions Limited oder \u00fcber von uns bereitgestellte Ressourcen erhalten, begr\u00fcnden Gew\u00e4hrleistungen, Garantien oder Bedingungen jeglicher Art, mit Ausnahme derjenigen, die in dieser Benutzervereinbarung ausdr\u00fccklich dargelegt sind.<\/p><p><strong>Haftungsbeschr\u00e4nkung<\/strong><\/p><p>In Verbindung mit der oben erl\u00e4uterten Gew\u00e4hrleistungsbeschr\u00e4nkung verstehen und akzeptieren Sie ausdr\u00fccklich, dass alle Anspr\u00fcche gegen uns auf den Betrag beschr\u00e4nkt sind, den Sie gegebenenfalls f\u00fcr die Nutzung von Produkten und\/oder Dienstleistungen bezahlt haben. Bart Solutions Limited haftet nicht f\u00fcr direkte, indirekte, zuf\u00e4llige, Folge- oder exemplarische Verluste oder Sch\u00e4den, die Ihnen durch die Nutzung unserer Ressourcen oder durch \u00c4nderungen, Datenverlust oder -besch\u00e4digung, Stornierung, Zugriffsverlust oder Ausfallzeiten entstehen, soweit die geltenden Haftungsbeschr\u00e4nkungsgesetze Anwendung finden.<\/p><p><strong>Urheberrechte\/Marken<\/strong><\/p><p>Alle Inhalte und Materialien verf\u00fcgbar auf <a href=\"http:\/\/www.tarotica.ai\/de\/\" target=\"_blank\" rel=\"nofollow noopener\">www.tarotica.ai <\/a>, einschlie\u00dflich, aber nicht beschr\u00e4nkt auf Text, Grafiken, App-Namen, Code, Bilder und Logos, sind geistiges Eigentum von Bart Solutions Limited und durch geltendes Urheber- und Markenrecht gesch\u00fctzt. Jede unangemessene Verwendung, einschlie\u00dflich, aber nicht beschr\u00e4nkt auf die Vervielf\u00e4ltigung, Verbreitung, Anzeige oder \u00dcbertragung von Inhalten dieser Website, ist strengstens untersagt, sofern sie nicht ausdr\u00fccklich von Bart Solutions Limited genehmigt wurde.<\/p><p><strong>Beendigung der Nutzung<\/strong><\/p><p>Sie erkl\u00e4ren sich damit einverstanden, dass wir Ihren Zugriff auf unsere App und Ressourcen ganz oder teilweise nach eigenem Ermessen mit oder ohne Benachrichtigung und aus beliebigem Grund, einschlie\u00dflich, aber nicht beschr\u00e4nkt auf einen Versto\u00df gegen diese Nutzungsbedingungen, sperren oder beenden k\u00f6nnen. Jeder Verdacht auf illegale, betr\u00fcgerische oder missbr\u00e4uchliche Aktivit\u00e4ten kann zur Beendigung Ihrer Beziehung f\u00fchren und den zust\u00e4ndigen Strafverfolgungsbeh\u00f6rden gemeldet werden. Bei Sperrung oder Beendigung erlischt Ihr Recht zur Nutzung der von uns bereitgestellten Ressourcen sofort. Wir behalten uns das Recht vor, alle von Ihnen bei uns gespeicherten Informationen, einschlie\u00dflich Konto- oder Anmeldeinformationen, zu entfernen oder zu l\u00f6schen.<\/p><p><strong>Geltendes Recht<\/strong><\/p><p>Diese App wird von Bart Solutions Limited betrieben. Sie ist in den meisten L\u00e4ndern weltweit verf\u00fcgbar. Mit dem Zugriff auf unsere App erkl\u00e4ren Sie sich damit einverstanden, dass die Gesetze unseres Staates, ungeachtet des Kollisionsrechts und des UN-Kaufrechts, f\u00fcr alle Angelegenheiten im Zusammenhang mit der Nutzung dieser App und dem Erwerb von Produkten oder Dienstleistungen \u00fcber diese Website gelten. Dar\u00fcber hinaus sind alle Klagen zur Durchsetzung dieser Nutzungsbedingungen vor den Bundes- oder Landesgerichten zu erheben. Sie stimmen hiermit der pers\u00f6nlichen Zust\u00e4ndigkeit dieser Gerichte zu und verzichten auf jegliche Einw\u00e4nde hinsichtlich der Zust\u00e4ndigkeit, des Gerichtsstands oder der Unzust\u00e4ndigkeit dieser Gerichte.<\/p><p><strong>Garantie<\/strong><\/p><p>Sofern nicht ausdr\u00fccklich etwas anderes angegeben ist, lehnt Bart Solutions Limited ausdr\u00fccklich alle ausdr\u00fccklichen oder stillschweigenden Garantien und Bedingungen jeglicher Art ab, einschlie\u00dflich, aber nicht beschr\u00e4nkt auf die stillschweigenden Garantien und Bedingungen der Marktg\u00e4ngigkeit, der Eignung f\u00fcr einen bestimmten Zweck und der Nichtverletzung.<\/p><p><strong>Kontaktinformationen<\/strong><\/p><p>Wenn Sie Fragen oder Anmerkungen zu unseren oben beschriebenen Servicebedingungen haben, k\u00f6nnen Sie uns unter folgender Adresse kontaktieren: info@tarotica.ai Bart Solutions Limited<\/p>\t\t\t\t\t\t<\/div>\n\t\t\t\t<\/div>\n\t\t\t\t\t<\/div>\n\t\t<\/div>\n\t\t\t\t\t<\/div>\n\t\t<\/section>\n\t\t\t\t<\/div>","protected":false},"excerpt":{"rendered":"<p>Allgemeine Gesch\u00e4ftsbedingungen von Tarotica Einleitung Willkommen bei Tarotica. Diese App ist Eigentum von Bart Solutions Limited und wird von dieser betrieben. Indem Sie unsere App besuchen und auf die von uns bereitgestellten Informationen, Ressourcen, Dienste, Produkte und Tools zugreifen, verstehen Sie die folgenden Bedingungen dieser Richtlinie (im Folgenden \u201eRichtlinie\u201c genannt) und stimmen diesen zu.<\/p>","protected":false},"author":1,"featured_media":0,"parent":0,"menu_order":0,"comment_status":"closed","ping_status":"closed","template":"","meta":{"_acf_changed":false,"om_disable_all_campaigns":false,"_monsterinsights_skip_tracking":false,"_monsterinsights_sitenote_active":false,"_monsterinsights_sitenote_note":"","_monsterinsights_sitenote_category":0,"_uf_show_specific_survey":0,"_uf_disable_surveys":false,"footnotes":""},"class_list":["post-17862","page","type-page","status-publish","hentry"],"acf":[],"aioseo_notices":[],"_links":{"self":[{"href":"https:\/\/www.tarotica.ai\/de\/wp-json\/wp\/v2\/pages\/17862","targetHints":{"allow":["GET"]}}],"collection":[{"href":"https:\/\/www.tarotica.ai\/de\/wp-json\/wp\/v2\/pages"}],"about":[{"href":"https:\/\/www.tarotica.ai\/de\/wp-json\/wp\/v2\/types\/page"}],"author":[{"embeddable":true,"href":"https:\/\/www.tarotica.ai\/de\/wp-json\/wp\/v2\/users\/1"}],"replies":[{"embeddable":true,"href":"https:\/\/www.tarotica.ai\/de\/wp-json\/wp\/v2\/comments?post=17862"}],"version-history":[{"count":7,"href":"https:\/\/www.tarotica.ai\/de\/wp-json\/wp\/v2\/pages\/17862\/revisions"}],"predecessor-version":[{"id":17870,"href":"https:\/\/www.tarotica.ai\/de\/wp-json\/wp\/v2\/pages\/17862\/revisions\/17870"}],"wp:attachment":[{"href":"https:\/\/www.tarotica.ai\/de\/wp-json\/wp\/v2\/media?parent=17862"}],"curies":[{"name":"wp","href":"https:\/\/api.w.org\/{rel}","templated":true}]}}