{"id":17629,"date":"2024-12-23T14:37:59","date_gmt":"2024-12-23T06:37:59","guid":{"rendered":"https:\/\/www.tarotica.app\/?page_id=17629"},"modified":"2026-01-14T11:33:30","modified_gmt":"2026-01-14T03:33:30","slug":"download-app","status":"publish","type":"page","link":"https:\/\/www.tarotica.ai\/de\/download-app\/","title":{"rendered":"App herunterladen"},"content":{"rendered":"<div data-elementor-type=\"wp-page\" data-elementor-id=\"17629\" class=\"elementor elementor-17629\">\n\t\t\t\t\t\t<section class=\"elementor-section elementor-top-section elementor-element elementor-element-9e89e44 elementor-section-boxed elementor-section-height-default elementor-section-height-default\" data-id=\"9e89e44\" data-element_type=\"section\">\n\t\t\t\t\t\t<div class=\"elementor-container elementor-column-gap-default\">\n\t\t\t\t\t<div class=\"elementor-column elementor-col-100 elementor-top-column elementor-element elementor-element-e0571b8\" data-id=\"e0571b8\" data-element_type=\"column\">\n\t\t\t<div class=\"elementor-widget-wrap elementor-element-populated\">\n\t\t\t\t\t\t<div class=\"elementor-element elementor-element-742af96 elementor-widget elementor-widget-heading\" data-id=\"742af96\" data-element_type=\"widget\" data-widget_type=\"heading.default\">\n\t\t\t\t<div class=\"elementor-widget-container\">\n\t\t\t<h4 class=\"elementor-heading-title elementor-size-default\">Entdecken Sie Ihre innere Weisheit mit TAROTICA<\/h4>\t\t<\/div>\n\t\t\t\t<\/div>\n\t\t\t\t<div class=\"elementor-element elementor-element-d9b577a elementor-widget__width-initial elementor-widget elementor-widget-text-editor\" data-id=\"d9b577a\" data-element_type=\"widget\" data-widget_type=\"text-editor.default\">\n\t\t\t\t<div class=\"elementor-widget-container\">\n\t\t\t\t\t\t\t<p>Entdecken Sie die Kraft archetypischer Muster und erhalten Sie Orientierung f\u00fcr Ihren Lebensweg mit unserer umfassenden Tarot-App. Laden Sie TAROTICA noch heute herunter und erleben Sie personalisierte digitale Lesungen, aufschlussreiche Quizfragen und mehr. Unsere App hilft Ihnen, Ihren Weg zu finden und Klarheit f\u00fcr Ihre t\u00e4glichen Herausforderungen zu schaffen.<\/p>\t\t\t\t\t\t<\/div>\n\t\t\t\t<\/div>\n\t\t\t\t<div class=\"elementor-element elementor-element-8a6cfb0 elementor-widget elementor-widget-heading\" data-id=\"8a6cfb0\" data-element_type=\"widget\" data-widget_type=\"heading.default\">\n\t\t\t\t<div class=\"elementor-widget-container\">\n\t\t\t<div class=\"elementor-heading-title elementor-size-default\">Alternativ k\u00f6nnen Sie Tarotica auch direkt im Internet verwenden, indem Sie auf die Schaltfl\u00e4che unten klicken:<\/div>\t\t<\/div>\n\t\t\t\t<\/div>\n\t\t\t\t<div class=\"elementor-element elementor-element-1bbfcbb elementor-align-center elementor-widget elementor-widget-button\" data-id=\"1bbfcbb\" data-element_type=\"widget\" data-widget_type=\"button.default\">\n\t\t\t\t<div class=\"elementor-widget-container\">\n\t\t\t\t\t\t\t<div class=\"elementor-button-wrapper\">\n\t\t\t\t\t<a class=\"elementor-button elementor-button-link elementor-size-sm\" href=\"https:\/\/start.tarotica.ai\/\">\n\t\t\t\t\t\t<span class=\"elementor-button-content-wrapper\">\n\t\t\t\t\t\t\t\t\t<span class=\"elementor-button-text\"> Stellen Sie online eine Frage<\/span>\n\t\t\t\t\t<\/span>\n\t\t\t\t\t<\/a>\n\t\t\t\t<\/div>\n\t\t\t\t\t\t<\/div>\n\t\t\t\t<\/div>\n\t\t\t\t<section class=\"elementor-section elementor-inner-section elementor-element elementor-element-17cc7d5 elementor-section-boxed elementor-section-height-default elementor-section-height-default\" data-id=\"17cc7d5\" data-element_type=\"section\">\n\t\t\t\t\t\t<div class=\"elementor-container elementor-column-gap-default\">\n\t\t\t\t\t<div class=\"elementor-column elementor-col-50 elementor-inner-column elementor-element elementor-element-f4c8955\" data-id=\"f4c8955\" data-element_type=\"column\">\n\t\t\t<div class=\"elementor-widget-wrap elementor-element-populated\">\n\t\t\t\t\t\t<div class=\"elementor-element elementor-element-b5eec23 desktop-only elementor-hidden-mobile elementor-widget elementor-widget-image\" data-id=\"b5eec23\" data-element_type=\"widget\" data-widget_type=\"image.default\">\n\t\t\t\t<div class=\"elementor-widget-container\">\n\t\t\t\t\t\t\t\t\t\t\t\t\t<img fetchpriority=\"high\" decoding=\"async\" width=\"300\" height=\"271\" src=\"https:\/\/www.tarotica.ai\/wp-content\/uploads\/2025\/04\/code-ios2.jpg\" class=\"attachment-medium size-medium wp-image-18017\" alt=\"\" \/>\t\t\t\t\t\t\t\t\t\t\t\t\t<\/div>\n\t\t\t\t<\/div>\n\t\t\t\t<div class=\"elementor-element elementor-element-0811d8f elementor-widget elementor-widget-image\" data-id=\"0811d8f\" data-element_type=\"widget\" data-widget_type=\"image.default\">\n\t\t\t\t<div class=\"elementor-widget-container\">\n\t\t\t\t\t\t\t\t\t\t\t\t\t\t<a href=\"https:\/\/apps.apple.com\/us\/app\/tarotica-ai\/id6740607740\">\n\t\t\t\t\t\t\t<img decoding=\"async\" width=\"150\" height=\"50\" src=\"https:\/\/www.tarotica.ai\/wp-content\/uploads\/2024\/12\/app-down.png\" class=\"attachment-thumbnail size-thumbnail wp-image-17633\" alt=\"\" \/>\t\t\t\t\t\t\t\t<\/a>\n\t\t\t\t\t\t\t\t\t\t\t\t\t<\/div>\n\t\t\t\t<\/div>\n\t\t\t\t\t<\/div>\n\t\t<\/div>\n\t\t\t\t<div class=\"elementor-column elementor-col-50 elementor-inner-column elementor-element elementor-element-5133ea2\" data-id=\"5133ea2\" data-element_type=\"column\">\n\t\t\t<div class=\"elementor-widget-wrap elementor-element-populated\">\n\t\t\t\t\t\t<div class=\"elementor-element elementor-element-2e3a2b9 desktop-only elementor-hidden-mobile elementor-widget elementor-widget-image\" data-id=\"2e3a2b9\" data-element_type=\"widget\" data-widget_type=\"image.default\">\n\t\t\t\t<div class=\"elementor-widget-container\">\n\t\t\t\t\t\t\t\t\t\t\t\t\t<img decoding=\"async\" width=\"300\" height=\"271\" src=\"https:\/\/www.tarotica.ai\/wp-content\/uploads\/2025\/04\/code-an2.jpg\" class=\"attachment-medium size-medium wp-image-18019\" alt=\"\" \/>\t\t\t\t\t\t\t\t\t\t\t\t\t<\/div>\n\t\t\t\t<\/div>\n\t\t\t\t<div class=\"elementor-element elementor-element-7b08cac elementor-widget elementor-widget-image\" data-id=\"7b08cac\" data-element_type=\"widget\" data-widget_type=\"image.default\">\n\t\t\t\t<div class=\"elementor-widget-container\">\n\t\t\t\t\t\t\t\t\t\t\t\t\t\t<a href=\"https:\/\/play.google.com\/store\/apps\/details?id=ai.tarotica\">\n\t\t\t\t\t\t\t<img loading=\"lazy\" decoding=\"async\" width=\"150\" height=\"45\" src=\"https:\/\/www.tarotica.ai\/wp-content\/uploads\/2025\/01\/8afe0.png\" class=\"attachment-thumbnail size-thumbnail wp-image-17916\" alt=\"\" \/>\t\t\t\t\t\t\t\t<\/a>\n\t\t\t\t\t\t\t\t\t\t\t\t\t<\/div>\n\t\t\t\t<\/div>\n\t\t\t\t\t<\/div>\n\t\t<\/div>\n\t\t\t\t\t<\/div>\n\t\t<\/section>\n\t\t\t\t<div class=\"elementor-element elementor-element-51a855d elementor-widget elementor-widget-image\" data-id=\"51a855d\" data-element_type=\"widget\" data-widget_type=\"image.default\">\n\t\t\t\t<div class=\"elementor-widget-container\">\n\t\t\t\t\t\t\t\t\t\t\t\t\t<img loading=\"lazy\" decoding=\"async\" width=\"1024\" height=\"597\" src=\"https:\/\/www.tarotica.ai\/wp-content\/uploads\/2025\/02\/vxgs.png\" class=\"attachment-large size-large wp-image-17943\" alt=\"\" \/>\t\t\t\t\t\t\t\t\t\t\t\t\t<\/div>\n\t\t\t\t<\/div>\n\t\t\t\t<div class=\"elementor-element elementor-element-5da324e elementor-widget elementor-widget-image\" data-id=\"5da324e\" data-element_type=\"widget\" data-widget_type=\"image.default\">\n\t\t\t\t<div class=\"elementor-widget-container\">\n\t\t\t\t\t\t\t\t\t\t\t\t\t<img decoding=\"async\" src=\"https:\/\/www.tarotica.ai\/wp-content\/uploads\/2025\/04\/xdsc.png\" title=\"\" alt=\"\" loading=\"lazy\" \/>\t\t\t\t\t\t\t\t\t\t\t\t\t<\/div>\n\t\t\t\t<\/div>\n\t\t\t\t<div class=\"elementor-element elementor-element-190d7fc elementor-widget elementor-widget-spacer\" data-id=\"190d7fc\" data-element_type=\"widget\" data-widget_type=\"spacer.default\">\n\t\t\t\t<div class=\"elementor-widget-container\">\n\t\t\t\t\t<div class=\"elementor-spacer\">\n\t\t\t<div class=\"elementor-spacer-inner\"><\/div>\n\t\t<\/div>\n\t\t\t\t<\/div>\n\t\t\t\t<\/div>\n\t\t\t\t\t<\/div>\n\t\t<\/div>\n\t\t\t\t\t<\/div>\n\t\t<\/section>\n\t\t\t\t<section class=\"elementor-section elementor-top-section elementor-element elementor-element-b72a984 elementor-section-boxed elementor-section-height-default elementor-section-height-default\" data-id=\"b72a984\" data-element_type=\"section\">\n\t\t\t\t\t\t<div class=\"elementor-container elementor-column-gap-default\">\n\t\t\t\t\t<div class=\"elementor-column elementor-col-100 elementor-top-column elementor-element elementor-element-323cf20\" data-id=\"323cf20\" data-element_type=\"column\">\n\t\t\t<div class=\"elementor-widget-wrap elementor-element-populated\">\n\t\t\t\t\t\t<section class=\"elementor-section elementor-inner-section elementor-element elementor-element-9a433d1 elementor-section-boxed elementor-section-height-default elementor-section-height-default\" data-id=\"9a433d1\" data-element_type=\"section\">\n\t\t\t\t\t\t<div class=\"elementor-container elementor-column-gap-default\">\n\t\t\t\t\t<div class=\"elementor-column elementor-col-50 elementor-inner-column elementor-element elementor-element-0e74376\" data-id=\"0e74376\" data-element_type=\"column\">\n\t\t\t<div class=\"elementor-widget-wrap elementor-element-populated\">\n\t\t\t\t\t\t<div class=\"elementor-element elementor-element-95fceef elementor-widget elementor-widget-image\" data-id=\"95fceef\" data-element_type=\"widget\" data-widget_type=\"image.default\">\n\t\t\t\t<div class=\"elementor-widget-container\">\n\t\t\t\t\t\t\t\t\t\t\t\t\t<img loading=\"lazy\" decoding=\"async\" width=\"744\" height=\"600\" src=\"https:\/\/www.tarotica.ai\/wp-content\/uploads\/2024\/12\/36cnj.png\" class=\"attachment-large size-large wp-image-17649\" alt=\"\" \/>\t\t\t\t\t\t\t\t\t\t\t\t\t<\/div>\n\t\t\t\t<\/div>\n\t\t\t\t\t<\/div>\n\t\t<\/div>\n\t\t\t\t<div class=\"elementor-column elementor-col-50 elementor-inner-column elementor-element elementor-element-7a2aea1\" data-id=\"7a2aea1\" data-element_type=\"column\">\n\t\t\t<div class=\"elementor-widget-wrap elementor-element-populated\">\n\t\t\t\t\t\t<div class=\"elementor-element elementor-element-7a3a00e elementor-widget elementor-widget-heading\" data-id=\"7a3a00e\" data-element_type=\"widget\" data-widget_type=\"heading.default\">\n\t\t\t\t<div class=\"elementor-widget-container\">\n\t\t\t<h4 class=\"elementor-heading-title elementor-size-default\">Das heutige Schicksal \u00b7 Kostenlose Tarot-Beratung<\/h4>\t\t<\/div>\n\t\t\t\t<\/div>\n\t\t\t\t<div class=\"elementor-element elementor-element-10c18d7 elementor-widget elementor-widget-spacer\" data-id=\"10c18d7\" data-element_type=\"widget\" data-widget_type=\"spacer.default\">\n\t\t\t\t<div class=\"elementor-widget-container\">\n\t\t\t\t\t<div class=\"elementor-spacer\">\n\t\t\t<div class=\"elementor-spacer-inner\"><\/div>\n\t\t<\/div>\n\t\t\t\t<\/div>\n\t\t\t\t<\/div>\n\t\t\t\t<div class=\"elementor-element elementor-element-71a77c8 elementor-widget__width-initial elementor-widget elementor-widget-text-editor\" data-id=\"71a77c8\" data-element_type=\"widget\" data-widget_type=\"text-editor.default\">\n\t\t\t\t<div class=\"elementor-widget-container\">\n\t\t\t\t\t\t\t<p>Beginnen Sie Ihren Tag mit Klarheit und Inspiration! Unsere Funktion \u201eDas Gl\u00fcck des Tages\u201c bietet Ihnen t\u00e4glich eine kostenlose Tarot-Lesung, die Ihnen zuk\u00fcnftige Chancen und Herausforderungen aufzeigt. Jeden Morgen erhalten Sie kostenlos:<\/p><p>Personalisierte Tarot-Einblicke<br \/>Eine einzigartige Karte, die auf der Grundlage der kosmischen Energie des Tages gezogen wird und resonante Botschaften f\u00fcr Ihre Lebensreise enth\u00fcllt.<br \/>Ausf\u00fchrliche Interpretation und praktische Ratschl\u00e4ge<br \/>Entdecken Sie die Symbolik der Karte, die wichtigsten Themen und die umsetzbaren Schritte, um Ihren Tag mit Zuversicht zu meistern.<\/p><p><br \/>Ob Sie Motivation, Best\u00e4tigung oder eine neue Perspektive suchen, \u201eToday&#039;s Fortune\u201c ist Ihr kostenloser spiritueller Begleiter, der Sie t\u00e4glich zu Wachstum und Achtsamkeit f\u00fchrt.<\/p>\t\t\t\t\t\t<\/div>\n\t\t\t\t<\/div>\n\t\t\t\t\t<\/div>\n\t\t<\/div>\n\t\t\t\t\t<\/div>\n\t\t<\/section>\n\t\t\t\t<div class=\"elementor-element elementor-element-5fc3cf3 elementor-widget elementor-widget-spacer\" data-id=\"5fc3cf3\" data-element_type=\"widget\" data-widget_type=\"spacer.default\">\n\t\t\t\t<div class=\"elementor-widget-container\">\n\t\t\t\t\t<div class=\"elementor-spacer\">\n\t\t\t<div class=\"elementor-spacer-inner\"><\/div>\n\t\t<\/div>\n\t\t\t\t<\/div>\n\t\t\t\t<\/div>\n\t\t\t\t\t<\/div>\n\t\t<\/div>\n\t\t\t\t\t<\/div>\n\t\t<\/section>\n\t\t\t\t<section class=\"elementor-section elementor-top-section elementor-element elementor-element-b447b2f elementor-section-boxed elementor-section-height-default elementor-section-height-default\" data-id=\"b447b2f\" data-element_type=\"section\">\n\t\t\t\t\t\t<div class=\"elementor-container elementor-column-gap-default\">\n\t\t\t\t\t<div class=\"elementor-column elementor-col-100 elementor-top-column elementor-element elementor-element-84783a0\" data-id=\"84783a0\" data-element_type=\"column\">\n\t\t\t<div class=\"elementor-widget-wrap elementor-element-populated\">\n\t\t\t\t\t\t<section class=\"elementor-section elementor-inner-section elementor-element elementor-element-f7aacf8 elementor-section-boxed elementor-section-height-default elementor-section-height-default\" data-id=\"f7aacf8\" data-element_type=\"section\">\n\t\t\t\t\t\t<div class=\"elementor-container elementor-column-gap-default\">\n\t\t\t\t\t<div class=\"elementor-column elementor-col-50 elementor-inner-column elementor-element elementor-element-e28fdf2\" data-id=\"e28fdf2\" data-element_type=\"column\">\n\t\t\t<div class=\"elementor-widget-wrap elementor-element-populated\">\n\t\t\t\t\t\t<div class=\"elementor-element elementor-element-34c3a45 elementor-widget elementor-widget-heading\" data-id=\"34c3a45\" data-element_type=\"widget\" data-widget_type=\"heading.default\">\n\t\t\t\t<div class=\"elementor-widget-container\">\n\t\t\t<h4 class=\"elementor-heading-title elementor-size-default\">Drei-Karten-Ziehen: Vergangenheit, Gegenwart, Zukunft<\/h4>\t\t<\/div>\n\t\t\t\t<\/div>\n\t\t\t\t<div class=\"elementor-element elementor-element-4845acd elementor-widget elementor-widget-spacer\" data-id=\"4845acd\" data-element_type=\"widget\" data-widget_type=\"spacer.default\">\n\t\t\t\t<div class=\"elementor-widget-container\">\n\t\t\t\t\t<div class=\"elementor-spacer\">\n\t\t\t<div class=\"elementor-spacer-inner\"><\/div>\n\t\t<\/div>\n\t\t\t\t<\/div>\n\t\t\t\t<\/div>\n\t\t\t\t<div class=\"elementor-element elementor-element-ac12a9a elementor-widget__width-initial elementor-widget elementor-widget-text-editor\" data-id=\"ac12a9a\" data-element_type=\"widget\" data-widget_type=\"text-editor.default\">\n\t\t\t\t<div class=\"elementor-widget-container\">\n\t\t\t\t\t\t\t<p>Gewinnen Sie mit unserer Three-Card Draw-Funktion Einblicke in Ihren Lebensweg:<\/p><ul><li><strong>Vergangenheit <\/strong>: Zeigt die Ereignisse und Einfl\u00fcsse auf, die Ihre aktuelle Situation gepr\u00e4gt haben.<\/li><li><strong>Gegenw\u00e4rtig <\/strong>: Spiegelt Ihren aktuellen Zustand und die Energien wider, die derzeit in Ihrem Leben wirken.<\/li><li><strong>Zukunft <\/strong>: Bietet einen Einblick in m\u00f6gliche Ergebnisse und zuk\u00fcnftige Wege.<\/li><\/ul><p>Ziehen Sie drei Karten, um Ihre Vergangenheit zu verstehen, Ihre Gegenwart zu meistern und sich auf Ihre Zukunft vorzubereiten.<\/p><div class=\"my-2\">\u00a0<\/div>\t\t\t\t\t\t<\/div>\n\t\t\t\t<\/div>\n\t\t\t\t\t<\/div>\n\t\t<\/div>\n\t\t\t\t<div class=\"elementor-column elementor-col-50 elementor-inner-column elementor-element elementor-element-103d9bf\" data-id=\"103d9bf\" data-element_type=\"column\">\n\t\t\t<div class=\"elementor-widget-wrap elementor-element-populated\">\n\t\t\t\t\t\t<div class=\"elementor-element elementor-element-0b90ec3 elementor-widget elementor-widget-image\" data-id=\"0b90ec3\" data-element_type=\"widget\" data-widget_type=\"image.default\">\n\t\t\t\t<div class=\"elementor-widget-container\">\n\t\t\t\t\t\t\t\t\t\t\t\t\t<img loading=\"lazy\" decoding=\"async\" width=\"861\" height=\"600\" src=\"https:\/\/www.tarotica.ai\/wp-content\/uploads\/2024\/12\/nkdn.png\" class=\"attachment-large size-large wp-image-17653\" alt=\"\" \/>\t\t\t\t\t\t\t\t\t\t\t\t\t<\/div>\n\t\t\t\t<\/div>\n\t\t\t\t\t<\/div>\n\t\t<\/div>\n\t\t\t\t\t<\/div>\n\t\t<\/section>\n\t\t\t\t<div class=\"elementor-element elementor-element-abdd3b4 elementor-widget elementor-widget-spacer\" data-id=\"abdd3b4\" data-element_type=\"widget\" data-widget_type=\"spacer.default\">\n\t\t\t\t<div class=\"elementor-widget-container\">\n\t\t\t\t\t<div class=\"elementor-spacer\">\n\t\t\t<div class=\"elementor-spacer-inner\"><\/div>\n\t\t<\/div>\n\t\t\t\t<\/div>\n\t\t\t\t<\/div>\n\t\t\t\t\t<\/div>\n\t\t<\/div>\n\t\t\t\t\t<\/div>\n\t\t<\/section>\n\t\t\t\t<section class=\"elementor-section elementor-top-section elementor-element elementor-element-40eb20f elementor-section-boxed elementor-section-height-default elementor-section-height-default\" data-id=\"40eb20f\" data-element_type=\"section\">\n\t\t\t\t\t\t<div class=\"elementor-container elementor-column-gap-default\">\n\t\t\t\t\t<div class=\"elementor-column elementor-col-100 elementor-top-column elementor-element elementor-element-653002f\" data-id=\"653002f\" data-element_type=\"column\">\n\t\t\t<div class=\"elementor-widget-wrap elementor-element-populated\">\n\t\t\t\t\t\t<section class=\"elementor-section elementor-inner-section elementor-element elementor-element-4e0a22d elementor-section-boxed elementor-section-height-default elementor-section-height-default\" data-id=\"4e0a22d\" data-element_type=\"section\">\n\t\t\t\t\t\t<div class=\"elementor-container elementor-column-gap-default\">\n\t\t\t\t\t<div class=\"elementor-column elementor-col-50 elementor-inner-column elementor-element elementor-element-8c2cc14\" data-id=\"8c2cc14\" data-element_type=\"column\">\n\t\t\t<div class=\"elementor-widget-wrap elementor-element-populated\">\n\t\t\t\t\t\t<div class=\"elementor-element elementor-element-de27163 elementor-widget elementor-widget-image\" data-id=\"de27163\" data-element_type=\"widget\" data-widget_type=\"image.default\">\n\t\t\t\t<div class=\"elementor-widget-container\">\n\t\t\t\t\t\t\t\t\t\t\t\t\t<img loading=\"lazy\" decoding=\"async\" width=\"441\" height=\"600\" src=\"https:\/\/www.tarotica.ai\/wp-content\/uploads\/2024\/12\/fgrtg-1.png\" class=\"attachment-large size-large wp-image-17656\" alt=\"\" \/>\t\t\t\t\t\t\t\t\t\t\t\t\t<\/div>\n\t\t\t\t<\/div>\n\t\t\t\t\t<\/div>\n\t\t<\/div>\n\t\t\t\t<div class=\"elementor-column elementor-col-50 elementor-inner-column elementor-element elementor-element-a5372de\" data-id=\"a5372de\" data-element_type=\"column\">\n\t\t\t<div class=\"elementor-widget-wrap elementor-element-populated\">\n\t\t\t\t\t\t<div class=\"elementor-element elementor-element-e511f93 elementor-widget elementor-widget-heading\" data-id=\"e511f93\" data-element_type=\"widget\" data-widget_type=\"heading.default\">\n\t\t\t\t<div class=\"elementor-widget-container\">\n\t\t\t<h4 class=\"elementor-heading-title elementor-size-default\">Geschichte lesen<\/h4>\t\t<\/div>\n\t\t\t\t<\/div>\n\t\t\t\t<div class=\"elementor-element elementor-element-d7c4992 elementor-widget elementor-widget-spacer\" data-id=\"d7c4992\" data-element_type=\"widget\" data-widget_type=\"spacer.default\">\n\t\t\t\t<div class=\"elementor-widget-container\">\n\t\t\t\t\t<div class=\"elementor-spacer\">\n\t\t\t<div class=\"elementor-spacer-inner\"><\/div>\n\t\t<\/div>\n\t\t\t\t<\/div>\n\t\t\t\t<\/div>\n\t\t\t\t<div class=\"elementor-element elementor-element-d75a992 elementor-widget__width-initial elementor-widget elementor-widget-text-editor\" data-id=\"d75a992\" data-element_type=\"widget\" data-widget_type=\"text-editor.default\">\n\t\t\t\t<div class=\"elementor-widget-container\">\n\t\t\t\t\t\t\t<p>Wir protokollieren jede von Ihnen durchgef\u00fchrte Tarot-Lesung. Diese Funktion erm\u00f6glicht Ihnen:<\/p><ul><li><strong>\u00dcberpr\u00fcfen Sie fr\u00fchere Lesungen <\/strong>: Greifen Sie einfach auf die Ergebnisse Ihrer vorherigen Tarotsitzungen zu und \u00fcberpr\u00fcfen Sie sie.<\/li><li><strong>Fortschritt verfolgen <\/strong>: \u00dcberwachen Sie, wie sich Ihre Erkenntnisse und Prognosen im Laufe der Zeit entwickelt haben.<\/li><li><strong>Gewinnen Sie tiefere Einblicke <\/strong>: Nutzen Sie fr\u00fchere Lesungen, um ein umfassenderes Verst\u00e4ndnis Ihres Lebenswegs und der Muster zu erlangen, die Ihre Entscheidungen beeinflussen.<\/li><\/ul><p>Mit unserem Leseverlauf k\u00f6nnen Sie \u00fcber Ihren spirituellen Weg nachdenken und fundiertere Entscheidungen f\u00fcr die Zukunft treffen.<\/p><div class=\"my-2\">\u00a0<\/div>\t\t\t\t\t\t<\/div>\n\t\t\t\t<\/div>\n\t\t\t\t\t<\/div>\n\t\t<\/div>\n\t\t\t\t\t<\/div>\n\t\t<\/section>\n\t\t\t\t<div class=\"elementor-element elementor-element-59f2ecc elementor-widget elementor-widget-spacer\" data-id=\"59f2ecc\" data-element_type=\"widget\" data-widget_type=\"spacer.default\">\n\t\t\t\t<div class=\"elementor-widget-container\">\n\t\t\t\t\t<div class=\"elementor-spacer\">\n\t\t\t<div class=\"elementor-spacer-inner\"><\/div>\n\t\t<\/div>\n\t\t\t\t<\/div>\n\t\t\t\t<\/div>\n\t\t\t\t<section class=\"elementor-section elementor-inner-section elementor-element elementor-element-94483f6 elementor-section-full_width elementor-section-height-default elementor-section-height-default\" data-id=\"94483f6\" data-element_type=\"section\" data-settings=\"{&quot;background_background&quot;:&quot;slideshow&quot;,&quot;background_slideshow_gallery&quot;:[{&quot;id&quot;:17685,&quot;url&quot;:&quot;https:\\\/\\\/www.tarotica.app\\\/wp-content\\\/uploads\\\/2024\\\/12\\\/vsvy.png&quot;}],&quot;background_slideshow_loop&quot;:&quot;yes&quot;,&quot;background_slideshow_slide_duration&quot;:5000,&quot;background_slideshow_slide_transition&quot;:&quot;fade&quot;,&quot;background_slideshow_transition_duration&quot;:500}\">\n\t\t\t\t\t\t<div class=\"elementor-container elementor-column-gap-default\">\n\t\t\t\t\t<div class=\"elementor-column elementor-col-100 elementor-inner-column elementor-element elementor-element-dfbe425\" data-id=\"dfbe425\" data-element_type=\"column\">\n\t\t\t<div class=\"elementor-widget-wrap elementor-element-populated\">\n\t\t\t\t\t\t<div class=\"elementor-element elementor-element-22348f9 elementor-widget elementor-widget-heading\" data-id=\"22348f9\" data-element_type=\"widget\" data-widget_type=\"heading.default\">\n\t\t\t\t<div class=\"elementor-widget-container\">\n\t\t\t<h1 class=\"elementor-heading-title elementor-size-default\">Tarotica herunterladen<\/h1>\t\t<\/div>\n\t\t\t\t<\/div>\n\t\t\t\t<div class=\"elementor-element elementor-element-db2cd96 elementor-widget elementor-widget-spacer\" data-id=\"db2cd96\" data-element_type=\"widget\" data-widget_type=\"spacer.default\">\n\t\t\t\t<div class=\"elementor-widget-container\">\n\t\t\t\t\t<div class=\"elementor-spacer\">\n\t\t\t<div class=\"elementor-spacer-inner\"><\/div>\n\t\t<\/div>\n\t\t\t\t<\/div>\n\t\t\t\t<\/div>\n\t\t\t\t\t<\/div>\n\t\t<\/div>\n\t\t\t\t\t<\/div>\n\t\t<\/section>\n\t\t\t\t\t<\/div>\n\t\t<\/div>\n\t\t\t\t\t<\/div>\n\t\t<\/section>\n\t\t\t\t<\/div>","protected":false},"excerpt":{"rendered":"<p>Entdecken Sie Ihre innere Weisheit mit TAROTICA. Entfesseln Sie die Kraft archetypischer Muster und erhalten Sie Orientierung f\u00fcr Ihren Lebensweg mit unserer umfassenden Tarot-App. Laden Sie TAROTICA noch heute herunter und erleben Sie personalisierte digitale Lesungen, aufschlussreiche Quizfragen und mehr. Unsere App hilft Ihnen, Ihren Weg zu finden und Klarheit f\u00fcr Ihre t\u00e4glichen Herausforderungen zu schaffen. Alternativ k\u00f6nnen Sie [\u2026]<\/p>","protected":false},"author":1,"featured_media":0,"parent":0,"menu_order":0,"comment_status":"closed","ping_status":"closed","template":"","meta":{"_acf_changed":false,"om_disable_all_campaigns":false,"_monsterinsights_skip_tracking":false,"_monsterinsights_sitenote_active":false,"_monsterinsights_sitenote_note":"","_monsterinsights_sitenote_category":0,"_uf_show_specific_survey":0,"_uf_disable_surveys":false,"footnotes":""},"class_list":["post-17629","page","type-page","status-publish","hentry"],"acf":[],"aioseo_notices":[],"_links":{"self":[{"href":"https:\/\/www.tarotica.ai\/de\/wp-json\/wp\/v2\/pages\/17629","targetHints":{"allow":["GET"]}}],"collection":[{"href":"https:\/\/www.tarotica.ai\/de\/wp-json\/wp\/v2\/pages"}],"about":[{"href":"https:\/\/www.tarotica.ai\/de\/wp-json\/wp\/v2\/types\/page"}],"author":[{"embeddable":true,"href":"https:\/\/www.tarotica.ai\/de\/wp-json\/wp\/v2\/users\/1"}],"replies":[{"embeddable":true,"href":"https:\/\/www.tarotica.ai\/de\/wp-json\/wp\/v2\/comments?post=17629"}],"version-history":[{"count":134,"href":"https:\/\/www.tarotica.ai\/de\/wp-json\/wp\/v2\/pages\/17629\/revisions"}],"predecessor-version":[{"id":18798,"href":"https:\/\/www.tarotica.ai\/de\/wp-json\/wp\/v2\/pages\/17629\/revisions\/18798"}],"wp:attachment":[{"href":"https:\/\/www.tarotica.ai\/de\/wp-json\/wp\/v2\/media?parent=17629"}],"curies":[{"name":"wp","href":"https:\/\/api.w.org\/{rel}","templated":true}]}}